{"id":10299,"date":"2020-08-13T02:10:30","date_gmt":"2020-08-13T02:10:30","guid":{"rendered":"https:\/\/nueva.ceb.edu.es\/about-ceb\/"},"modified":"2026-03-17T12:37:33","modified_gmt":"2026-03-17T12:37:33","slug":"about-ceb","status":"publish","type":"page","link":"https:\/\/ceb.edu.es\/en\/about-ceb\/","title":{"rendered":"About CEB"},"content":{"rendered":"\n<style type=\"text\/css\" data-created_by=\"avia_inline_auto\" id=\"style-css-av-mbr78z4v-7caba6bcc50a935c5553416263adbc09\">\n.avia-section.av-mbr78z4v-7caba6bcc50a935c5553416263adbc09{\nbackground-color:#f5f5f5;\nbackground-image:unset;\n}\n<\/style>\n<div id='av_section_1'  class='avia-section av-mbr78z4v-7caba6bcc50a935c5553416263adbc09 main_color avia-section-default avia-no-border-styling  avia-builder-el-0  el_before_av_two_fifth  avia-builder-el-first  avia-bg-style-scroll container_wrap fullsize'  ><div class='container av-section-cont-open' ><main  role=\"main\" itemprop=\"mainContentOfPage\"  class='template-page content  av-content-full alpha units'><div class='post-entry post-entry-type-page post-entry-10299'><div class='entry-content-wrapper clearfix'>\n\n<style type=\"text\/css\" data-created_by=\"avia_inline_auto\" id=\"style-css-av-2uycpn-d95cfcd19c9319ef686e9ad8182edbfa\">\n.flex_column.av-2uycpn-d95cfcd19c9319ef686e9ad8182edbfa{\nborder-radius:0px 0px 0px 0px;\npadding:0px 0px 0px 0px;\n}\n<\/style>\n<div  class='flex_column av-2uycpn-d95cfcd19c9319ef686e9ad8182edbfa av_one_full  avia-builder-el-1  avia-builder-el-no-sibling  first flex_column_div av-zero-column-padding  '     ><section  class='av_textblock_section av-kds60u8e-33c0763d7efbafc414c30bffd5cf4fa9 '   itemscope=\"itemscope\" itemtype=\"https:\/\/schema.org\/CreativeWork\" ><div class='avia_textblock'  itemprop=\"text\" ><h2>Who <span class=\"naranja-ceb-text\">we are<\/span><\/h2>\n<p style=\"text-align: justify;\">The Center for Biosanitary Studies (CEB) is a <strong>training, consulting and teaching<\/strong> center with more than 20 years of experience in the field of experimental sciences and health sciences.<\/p>\n<p style=\"text-align: justify;\">We have the best <strong>national and international experts in the area of Oncology research<\/strong> and with them, we have designed the Master&#8217;s Degree in Molecular Oncology and other courses in the biosanitary area that respond to the current requirements and needs of professionals and institutions.<\/p>\n<p style=\"text-align: justify;\">Cancer is a group of diseases that have a genetic and molecular basis. We believe that oncology professionals should acquire in a regulated way the molecular knowledge that can result in a better therapeutic approach to the patient, as well as in a basic and transnational research that is absolutely necessary. Based on this need, we designed the MOM academic program, which we have been offering since 2004. It is a specialized postgraduate training pioneer in Spain and unique in the world, offered in private format from CEB and in official format in collaboration with the Universidad Rey Juan Carlos (URJC).<\/p>\n<p style=\"text-align: justify;\">We also offer <strong>Courses in Animal Experimentation, accredited by the competent authority<\/strong>, for all animal species and functions A, B, C, D, E and different combinations thereof.<\/p>\n<p style=\"text-align: justify;\">In addition, we <strong>offer consulting services through &#8220;in company&#8221; training programs<\/strong> in the Molecular Oncology area, in other Biosanitary areas and in the field of Bioethics for companies of the Pharmaceutical Industry or for different entities of the Boisanitary world.<\/p>\n<\/div><\/section><br \/>\n<div  class='avia-button-wrap av-mbr6lk2y-3df7d46c1f463001f4cabc674f4172e7-wrap avia-button-left  avia-builder-el-3  el_after_av_textblock  avia-builder-el-last '>\n<style type=\"text\/css\" data-created_by=\"avia_inline_auto\" id=\"style-css-av-mbr6lk2y-3df7d46c1f463001f4cabc674f4172e7\">\n#top #wrap_all .avia-button.av-mbr6lk2y-3df7d46c1f463001f4cabc674f4172e7{\nbackground-color:#ff5900;\nborder-color:#ff5900;\ntransition:all 0.4s ease-in-out;\n}\n#top #wrap_all .avia-button.av-mbr6lk2y-3df7d46c1f463001f4cabc674f4172e7:hover{\ncolor:white;\ntransition:all 0.4s ease-in-out;\n}\n#top #wrap_all .avia-button.av-mbr6lk2y-3df7d46c1f463001f4cabc674f4172e7:hover .avia-svg-icon svg:first-child{\nfill:white;\nstroke:white;\n}\n<\/style>\n<a href='https:\/\/ceb.edu.es\/en\/contact\/'  class='avia-button av-mbr6lk2y-3df7d46c1f463001f4cabc674f4172e7 av-link-btn avia-icon_select-no avia-size-small avia-position-left avia-font-color-theme-color'   aria-label=\"Request for information\"><span class='avia_iconbox_title' >Request for information<\/span><span class='avia_button_background avia-button avia-color-theme-color-highlight' ><\/span><\/a><\/div><\/p><\/div>\n<\/div><\/div><\/main><!-- close content main element --><\/div><\/div><div id='after_section_1'  class='main_color av_default_container_wrap container_wrap fullsize'  ><div class='container av-section-cont-open' ><div class='template-page content  av-content-full alpha units'><div class='post-entry post-entry-type-page post-entry-10299'><div class='entry-content-wrapper clearfix'>\n\n<style type=\"text\/css\" data-created_by=\"avia_inline_auto\" id=\"style-css-av-331f3v-dba4f07c8087aa6ad023ed8dac6e7d62\">\n.flex_column.av-331f3v-dba4f07c8087aa6ad023ed8dac6e7d62{\nborder-radius:0px 0px 0px 0px;\npadding:0px 0px 0px 0px;\n}\n<\/style>\n<div  class='flex_column av-331f3v-dba4f07c8087aa6ad023ed8dac6e7d62 av_two_fifth  avia-builder-el-4  el_after_av_section  el_before_av_three_fifth  avia-builder-el-first  first flex_column_div av-zero-column-padding  '     ><p>\n<style type=\"text\/css\" data-created_by=\"avia_inline_auto\" id=\"style-css-av-mbr72am4-50f46ce360e4c6c001880e68c124ef08\">\n#top .hr.hr-invisible.av-mbr72am4-50f46ce360e4c6c001880e68c124ef08{\nheight:40px;\n}\n<\/style>\n<div  class='hr av-mbr72am4-50f46ce360e4c6c001880e68c124ef08 hr-invisible  avia-builder-el-5  el_before_av_image  avia-builder-el-first '><span class='hr-inner '><span class=\"hr-inner-style\"><\/span><\/span><\/div><br \/>\n\n<style type=\"text\/css\" data-created_by=\"avia_inline_auto\" id=\"style-css-av-mbr6tlid-bb2f0c40994862c0870adecc6d970d54\">\n@keyframes av_boxShadowEffect_av-mbr6tlid-bb2f0c40994862c0870adecc6d970d54 {\n0%   { box-shadow:  0 0 0 0 ; opacity: 1; }\n100% { box-shadow:  0 0 10px 0 ; opacity: 1; }\n}\n.avia-image-container.av-mbr6tlid-bb2f0c40994862c0870adecc6d970d54 img.avia_image{\nbox-shadow: 0 0 10px 0 ;\n}\n.avia-image-container.av-mbr6tlid-bb2f0c40994862c0870adecc6d970d54 .av-image-caption-overlay-center{\ncolor:#ffffff;\n}\n<\/style>\n<div  class='avia-image-container av-mbr6tlid-bb2f0c40994862c0870adecc6d970d54 av-styling- avia-align-center  avia-builder-el-6  el_after_av_hr  el_before_av_button  av-img-box-shadow av-box-shadow-not-animated'   itemprop=\"image\" itemscope=\"itemscope\" itemtype=\"https:\/\/schema.org\/ImageObject\" ><div class=\"avia-image-container-inner\"><div class=\"avia-image-overlay-wrap\"><img decoding=\"async\" fetchpriority=\"high\" class='wp-image-9907 avia-img-lazy-loading-not-9907 avia_image shadow-not-animated' src=\"https:\/\/ceb.edu.es\/wp-content\/uploads\/2025\/06\/Frame-238162345sdf-1030x735.webp\" alt='' title='Frame-238162345sdf'  height=\"735\" width=\"1030\"  itemprop=\"thumbnailUrl\" srcset=\"https:\/\/ceb.edu.es\/wp-content\/uploads\/2025\/06\/Frame-238162345sdf-1030x735.webp 1030w, https:\/\/ceb.edu.es\/wp-content\/uploads\/2025\/06\/Frame-238162345sdf-130x93.webp 130w, https:\/\/ceb.edu.es\/wp-content\/uploads\/2025\/06\/Frame-238162345sdf-768x548.webp 768w, https:\/\/ceb.edu.es\/wp-content\/uploads\/2025\/06\/Frame-238162345sdf-260x185.webp 260w, https:\/\/ceb.edu.es\/wp-content\/uploads\/2025\/06\/Frame-238162345sdf-705x503.webp 705w, https:\/\/ceb.edu.es\/wp-content\/uploads\/2025\/06\/Frame-238162345sdf-450x321.webp 450w, https:\/\/ceb.edu.es\/wp-content\/uploads\/2025\/06\/Frame-238162345sdf-600x428.webp 600w, https:\/\/ceb.edu.es\/wp-content\/uploads\/2025\/06\/Frame-238162345sdf.webp 1284w\" sizes=\"(max-width: 1030px) 100vw, 1030px\" \/><\/div><\/div><\/div><br \/>\n<div  class='avia-button-wrap av-mbr708r2-219672ccf5ee39cbcf679fcbf58cd32e-wrap avia-button-center  avia-builder-el-7  el_after_av_image  avia-builder-el-last '>\n<style type=\"text\/css\" data-created_by=\"avia_inline_auto\" id=\"style-css-av-mbr708r2-219672ccf5ee39cbcf679fcbf58cd32e\">\n#top #wrap_all .avia-button.av-mbr708r2-219672ccf5ee39cbcf679fcbf58cd32e{\nbackground-color:#ffffff;\nborder-color:#ffffff;\ncolor:#ff5900;\nbox-shadow: 3px 3px 3px 3px #e0e0e0;\ntransition:all 0.4s ease-in-out;\n}\n#top #wrap_all .avia-button.av-mbr708r2-219672ccf5ee39cbcf679fcbf58cd32e:hover{\ncolor:white;\ntransition:all 0.4s ease-in-out;\n}\n#top #wrap_all .avia-button.av-mbr708r2-219672ccf5ee39cbcf679fcbf58cd32e .avia-svg-icon svg:first-child{\nfill:#ff5900;\nstroke:#ff5900;\n}\n#top #wrap_all .avia-button.av-mbr708r2-219672ccf5ee39cbcf679fcbf58cd32e:hover .avia-svg-icon svg:first-child{\nfill:white;\nstroke:white;\n}\n<\/style>\n<a href='https:\/\/www.linkedin.com\/in\/m%C3%B3nical%C3%B3pezbarahona'  class='avia-button av-mbr708r2-219672ccf5ee39cbcf679fcbf58cd32e av-link-btn avia-icon_select-yes-left-icon avia-size-small avia-position-center'  target=\"_blank\"  rel=\"noopener noreferrer\"  aria-label=\"Linkedin\"><span class='avia_button_icon avia_button_icon_left avia-svg-icon avia-font-svg_entypo-fontello' data-av_svg_icon='linkedin' data-av_iconset='svg_entypo-fontello'><svg version=\"1.1\" xmlns=\"http:\/\/www.w3.org\/2000\/svg\" width=\"29\" height=\"32\" viewBox=\"0 0 29 32\" preserveAspectRatio=\"xMidYMid meet\" aria-labelledby='av-svg-title-2' aria-describedby='av-svg-desc-2' role=\"graphics-symbol\">\n<title id='av-svg-title-2'>Linkedin<\/title>\n<desc id='av-svg-desc-2'>Linkedin<\/desc>\n<path d=\"M6.528 4.864q0 1.28-0.928 2.176t-2.4 0.896q-1.408 0-2.304-0.896t-0.896-2.176q0-1.344 0.896-2.208t2.368-0.864 2.336 0.864 0.928 2.208zM0.192 30.144v-19.776h6.144v19.776h-6.144zM9.984 16.704q0-2.752-0.128-6.336h5.312l0.32 2.752h0.128q1.92-3.2 6.080-3.2 3.2 0 5.152 2.144t1.952 6.368v11.712h-6.144v-10.944q0-4.288-3.136-4.288-2.24 0-3.136 2.304-0.192 0.384-0.192 1.536v11.392h-6.208v-13.44z\"><\/path>\n<\/svg><\/span><span class='avia_iconbox_title' >Linkedin<\/span><span class='avia_button_background avia-button avia-color-theme-color-highlight' ><\/span><\/a><\/div><\/p><\/div>\n\n<style type=\"text\/css\" data-created_by=\"avia_inline_auto\" id=\"style-css-av-2uycpn-2-3b403024cb6c693381f1ffe60b3f1282\">\n.flex_column.av-2uycpn-2-3b403024cb6c693381f1ffe60b3f1282{\nborder-radius:0px 0px 0px 0px;\npadding:0px 0px 0px 0px;\n}\n<\/style>\n<div  class='flex_column av-2uycpn-2-3b403024cb6c693381f1ffe60b3f1282 av_three_fifth  avia-builder-el-8  el_after_av_two_fifth  el_before_av_section  avia-builder-el-last  flex_column_div av-zero-column-padding  '     ><section  class='av_textblock_section av-kds60u8e-1-ae717def41c6bfed8ec5d8c61b9863e7 '   itemscope=\"itemscope\" itemtype=\"https:\/\/schema.org\/CreativeWork\" ><div class='avia_textblock'  itemprop=\"text\" ><p><span class=\"naranja-ceb-text\">CHIEF ACADEMIC OFFICER<\/span><\/p>\n<h2>M\u00f3nica L\u00f3pez Barahona<\/h2>\n<p style=\"text-align: justify;\"><strong>Spanish biochemist, specialized in molecular biology, researcher in the field of molecular oncology.<\/strong><\/p>\n<p style=\"text-align: justify;\">In addition to being Academic Director at the Center for Biosanitary Studies (CEB), she is Professor of Molecular Oncology and Bioethics at the <strong>Francisco de Vitoria University<\/strong>, where she was Dean of the Faculty of Biosanitary Sciences (1996-2006). She has also been General Scientific and Technical Director of the VidaCord umbilical cord blood stem cell bank. <\/p>\n<p><strong>She has been recognized with several awards, among which the following stand out:<\/strong><\/p>\n<ul>\n<li>Award of the Spanish Association Against Cancer, 1988.<\/li>\n<li>Human Frontiers Science Award, Program, 1994.<\/li>\n<li>Pfizer Award 2000.<\/li>\n<li>FEDEPE Excellence Award (2004)<\/li>\n<\/ul>\n<\/div><\/section><\/div>\n<\/div><\/div><\/div><!-- close content main div --><\/div><\/div>\n<style type=\"text\/css\" data-created_by=\"avia_inline_auto\" id=\"style-css-av-b4kil7-12d08d14e332c91421c924d4af103d41\">\n.avia-section.av-b4kil7-12d08d14e332c91421c924d4af103d41{\nbackground-color:#f5f5f5;\nbackground-image:unset;\n}\n<\/style>\n<div id='av_section_2'  class='avia-section av-b4kil7-12d08d14e332c91421c924d4af103d41 main_color avia-section-default avia-no-border-styling  avia-builder-el-10  el_after_av_three_fifth  avia-builder-el-last  avia-bg-style-scroll container_wrap fullsize'  ><div class='container av-section-cont-open' ><div class='template-page content  av-content-full alpha units'><div class='post-entry post-entry-type-page post-entry-10299'><div class='entry-content-wrapper clearfix'>\n<section  class='av_textblock_section av-mbr7azpm-bf78c87443410aaed8fc5998da88f99b '   itemscope=\"itemscope\" itemtype=\"https:\/\/schema.org\/CreativeWork\" ><div class='avia_textblock'  itemprop=\"text\" ><div class=\"elementor-element elementor-element-9f695e4 elementor-widget__width-initial elementor-widget elementor-widget-heading animated fadeInUp\" data-id=\"9f695e4\" data-element_type=\"widget\" data-settings=\"{\" _animation=\"\" data-widget_type=\"heading.default\">\n<div class=\"elementor-widget-container\">\n<h1 class=\"elementor-heading-title elementor-size-default\">Our <span class=\"naranja-ceb-text\">team:<\/span><\/h1>\n<\/div>\n<\/div>\n<\/div><\/section>\n\n<style type=\"text\/css\" data-created_by=\"avia_inline_auto\" id=\"style-css-av-6l4lln-0773af9e2412bf695ea7db76ead5000c\">\n.flex_column.av-6l4lln-0773af9e2412bf695ea7db76ead5000c{\nborder-radius:0px 0px 0px 0px;\npadding:0px 0px 0px 0px;\n}\n<\/style>\n<div  class='flex_column av-6l4lln-0773af9e2412bf695ea7db76ead5000c av_one_third  avia-builder-el-12  el_after_av_textblock  el_before_av_one_third  first flex_column_div av-zero-column-padding  column-top-margin'     ><p>\n<style type=\"text\/css\" data-created_by=\"avia_inline_auto\" id=\"style-css-av-3qseff-be1a1fa9b6b5688b0e983366d8c8e0ff\">\n.av_font_icon.av-3qseff-be1a1fa9b6b5688b0e983366d8c8e0ff{\ncolor:#ff5900;\nborder-color:#ff5900;\n}\n.avia-svg-icon.av-3qseff-be1a1fa9b6b5688b0e983366d8c8e0ff svg:first-child{\nstroke:#ff5900;\nfill:#ff5900;\n}\n.av_font_icon.av-3qseff-be1a1fa9b6b5688b0e983366d8c8e0ff .av-icon-char{\nfont-size:40px;\n}\n<\/style>\n<span  class='av_font_icon av-3qseff-be1a1fa9b6b5688b0e983366d8c8e0ff avia_animate_when_visible av-icon-style- avia-icon-pos-center avia-svg-icon avia-font-svg_entypo-fontello avia-icon-animate'><span class='av-icon-char' data-av_svg_icon='briefcase' data-av_iconset='svg_entypo-fontello' ><svg version=\"1.1\" xmlns=\"http:\/\/www.w3.org\/2000\/svg\" width=\"32\" height=\"32\" viewBox=\"0 0 32 32\" preserveAspectRatio=\"xMidYMid meet\" aria-labelledby='av-svg-title-3' aria-describedby='av-svg-desc-3' role=\"graphics-symbol\" aria-hidden=\"true\">\n<title id='av-svg-title-3'>Briefcase<\/title>\n<desc id='av-svg-desc-3'>Briefcase<\/desc>\n<path d=\"M14.592 16.768v3.2h-14.592q0.256-7.232 0.32-9.344 0.128-3.456 3.2-3.456h5.12q0.512-0.832 1.184-2.144t0.736-1.44q0.448-0.832 0.736-1.024t1.184-0.192h7.104q0.832 0 1.152 0.224t0.704 0.992q0.576 1.024 1.92 3.584h5.12q3.072 0 3.2 3.456l0.32 9.344h-14.528v-3.2h-2.88zM12.224 5.44l-0.896 1.728h9.344l-0.896-1.728q-0.448-0.832-1.344-0.832h-4.864q-0.896 0-1.344 0.832zM17.472 24.768v-3.2h13.76q-0.192 2.816-0.32 5.312-0.192 2.688-2.88 2.688h-24q-2.88 0-2.88-2.688l-0.32-5.312h13.76v3.2h2.88z\"><\/path>\n<\/svg><\/span><\/span><br \/>\n<section  class='av_textblock_section av-mbr7ny62-7f0a67c27f70ceb8102d2ccdf39fc4ff '   itemscope=\"itemscope\" itemtype=\"https:\/\/schema.org\/CreativeWork\" ><div class='avia_textblock'  itemprop=\"text\" ><p style=\"text-align: center;\"><strong>Estefan\u00eda D\u00edaz del Cerro<\/strong><\/p>\n<p style=\"text-align: center;\">Academic Coordinator<\/p>\n<p style=\"text-align: center;\"><a href=\"mailto:ediaz@ceb.edu.es\" target=\"_blank\" rel=\"noopener\">ediaz@ceb.edu.es<\/a><\/p>\n<\/div><\/section><\/p><\/div>\n<style type=\"text\/css\" data-created_by=\"avia_inline_auto\" id=\"style-css-av-8urzi3-38cd6d45fcc0b987e664cc79ad1f6573\">\n.flex_column.av-8urzi3-38cd6d45fcc0b987e664cc79ad1f6573{\nborder-radius:0px 0px 0px 0px;\npadding:0px 0px 0px 0px;\n}\n<\/style>\n<div  class='flex_column av-8urzi3-38cd6d45fcc0b987e664cc79ad1f6573 av_one_third  avia-builder-el-15  el_after_av_one_third  el_before_av_one_third  flex_column_div av-zero-column-padding  column-top-margin'     ><p>\n<style type=\"text\/css\" data-created_by=\"avia_inline_auto\" id=\"style-css-av-mbr7kefv-78303e50fe017f4d2f89187f36401786\">\n.av_font_icon.av-mbr7kefv-78303e50fe017f4d2f89187f36401786{\ncolor:#ff5900;\nborder-color:#ff5900;\n}\n.avia-svg-icon.av-mbr7kefv-78303e50fe017f4d2f89187f36401786 svg:first-child{\nstroke:#ff5900;\nfill:#ff5900;\n}\n.av_font_icon.av-mbr7kefv-78303e50fe017f4d2f89187f36401786 .av-icon-char{\nfont-size:40px;\n}\n<\/style>\n<span  class='av_font_icon av-mbr7kefv-78303e50fe017f4d2f89187f36401786 avia_animate_when_visible av-icon-style- avia-icon-pos-center avia-svg-icon avia-font-svg_entypo-fontello avia-icon-animate'><span class='av-icon-char' data-av_svg_icon='briefcase' data-av_iconset='svg_entypo-fontello' ><svg version=\"1.1\" xmlns=\"http:\/\/www.w3.org\/2000\/svg\" width=\"32\" height=\"32\" viewBox=\"0 0 32 32\" preserveAspectRatio=\"xMidYMid meet\" aria-labelledby='av-svg-title-4' aria-describedby='av-svg-desc-4' role=\"graphics-symbol\" aria-hidden=\"true\">\n<title id='av-svg-title-4'>Briefcase<\/title>\n<desc id='av-svg-desc-4'>Briefcase<\/desc>\n<path d=\"M14.592 16.768v3.2h-14.592q0.256-7.232 0.32-9.344 0.128-3.456 3.2-3.456h5.12q0.512-0.832 1.184-2.144t0.736-1.44q0.448-0.832 0.736-1.024t1.184-0.192h7.104q0.832 0 1.152 0.224t0.704 0.992q0.576 1.024 1.92 3.584h5.12q3.072 0 3.2 3.456l0.32 9.344h-14.528v-3.2h-2.88zM12.224 5.44l-0.896 1.728h9.344l-0.896-1.728q-0.448-0.832-1.344-0.832h-4.864q-0.896 0-1.344 0.832zM17.472 24.768v-3.2h13.76q-0.192 2.816-0.32 5.312-0.192 2.688-2.88 2.688h-24q-2.88 0-2.88-2.688l-0.32-5.312h13.76v3.2h2.88z\"><\/path>\n<\/svg><\/span><\/span><br \/>\n<section  class='av_textblock_section av-mbr7lpyi-a6fb5c5ddf5432cd50747bca0730e728 '   itemscope=\"itemscope\" itemtype=\"https:\/\/schema.org\/CreativeWork\" ><div class='avia_textblock'  itemprop=\"text\" ><p style=\"text-align: center;\"><strong>Mar\u00eda Eugenia Fern\u00e1ndez C\u00e1mara<\/strong><\/p>\n<p style=\"text-align: center;\">MOM Coordinator Spain and LatAm<\/p>\n<p style=\"text-align: center;\"><a href=\"mailto:mefcamara@ceb.edu.es\" target=\"_blank\" rel=\"noopener\">mefcamara@ceb.edu.es<\/a><\/p>\n<\/div><\/section><\/p><\/div>\n<style type=\"text\/css\" data-created_by=\"avia_inline_auto\" id=\"style-css-av-3oob8b-4010031b71433541aeb75287b250035e\">\n.flex_column.av-3oob8b-4010031b71433541aeb75287b250035e{\nborder-radius:0px 0px 0px 0px;\npadding:0px 0px 0px 0px;\n}\n<\/style>\n<div  class='flex_column av-3oob8b-4010031b71433541aeb75287b250035e av_one_third  avia-builder-el-18  el_after_av_one_third  el_before_av_one_third  flex_column_div av-zero-column-padding  column-top-margin'     ><p>\n<style type=\"text\/css\" data-created_by=\"avia_inline_auto\" id=\"style-css-av-389tij-fcfe442bf2be1727b7cc6082aeacd630\">\n.av_font_icon.av-389tij-fcfe442bf2be1727b7cc6082aeacd630{\ncolor:#ff5900;\nborder-color:#ff5900;\n}\n.avia-svg-icon.av-389tij-fcfe442bf2be1727b7cc6082aeacd630 svg:first-child{\nstroke:#ff5900;\nfill:#ff5900;\n}\n.av_font_icon.av-389tij-fcfe442bf2be1727b7cc6082aeacd630 .av-icon-char{\nfont-size:40px;\n}\n<\/style>\n<span  class='av_font_icon av-389tij-fcfe442bf2be1727b7cc6082aeacd630 avia_animate_when_visible av-icon-style- avia-icon-pos-center avia-svg-icon avia-font-svg_entypo-fontello avia-icon-animate'><span class='av-icon-char' data-av_svg_icon='briefcase' data-av_iconset='svg_entypo-fontello' ><svg version=\"1.1\" xmlns=\"http:\/\/www.w3.org\/2000\/svg\" width=\"32\" height=\"32\" viewBox=\"0 0 32 32\" preserveAspectRatio=\"xMidYMid meet\" aria-labelledby='av-svg-title-5' aria-describedby='av-svg-desc-5' role=\"graphics-symbol\" aria-hidden=\"true\">\n<title id='av-svg-title-5'>Briefcase<\/title>\n<desc id='av-svg-desc-5'>Briefcase<\/desc>\n<path d=\"M14.592 16.768v3.2h-14.592q0.256-7.232 0.32-9.344 0.128-3.456 3.2-3.456h5.12q0.512-0.832 1.184-2.144t0.736-1.44q0.448-0.832 0.736-1.024t1.184-0.192h7.104q0.832 0 1.152 0.224t0.704 0.992q0.576 1.024 1.92 3.584h5.12q3.072 0 3.2 3.456l0.32 9.344h-14.528v-3.2h-2.88zM12.224 5.44l-0.896 1.728h9.344l-0.896-1.728q-0.448-0.832-1.344-0.832h-4.864q-0.896 0-1.344 0.832zM17.472 24.768v-3.2h13.76q-0.192 2.816-0.32 5.312-0.192 2.688-2.88 2.688h-24q-2.88 0-2.88-2.688l-0.32-5.312h13.76v3.2h2.88z\"><\/path>\n<\/svg><\/span><\/span><br \/>\n<section  class='av_textblock_section av-mbr7n9qr-632a4e5078b74af6f1a5d65c813eb7cf '   itemscope=\"itemscope\" itemtype=\"https:\/\/schema.org\/CreativeWork\" ><div class='avia_textblock'  itemprop=\"text\" ><p style=\"text-align: center;\"><strong>Mar\u00eda Delgado Rodr\u00edguez<\/strong><\/p>\n<p style=\"text-align: center;\">Marketing and Communication<\/p>\n<p style=\"text-align: center;\"><a href=\"mailto:mdelgado@ceb.edu.es\" target=\"_blank\" rel=\"noopener\">mdelgado@ceb.edu.es<\/a><\/p>\n<\/div><\/section><\/p><\/div>\n<style type=\"text\/css\" data-created_by=\"avia_inline_auto\" id=\"style-css-av-av_one_third-79ff81c021393065cee878051452f6a6\">\n.flex_column.av-av_one_third-79ff81c021393065cee878051452f6a6{\nborder-radius:0px 0px 0px 0px;\npadding:0px 0px 0px 0px;\n}\n<\/style>\n<div  class='flex_column av-av_one_third-79ff81c021393065cee878051452f6a6 av_one_third  avia-builder-el-21  el_after_av_one_third  el_before_av_one_third  first flex_column_div av-zero-column-padding  column-top-margin'     ><section  class='av_textblock_section av-mmuljgor-621c537384eeff91941da4593bf98f2e '   itemscope=\"itemscope\" itemtype=\"https:\/\/schema.org\/CreativeWork\" ><div class='avia_textblock'  itemprop=\"text\" ><\/div><\/section><\/div>\n<style type=\"text\/css\" data-created_by=\"avia_inline_auto\" id=\"style-css-av-av_one_third-49f6e875884219cf77c24341e550af53\">\n.flex_column.av-av_one_third-49f6e875884219cf77c24341e550af53{\nborder-radius:0px 0px 0px 0px;\npadding:0px 0px 0px 0px;\n}\n<\/style>\n<div  class='flex_column av-av_one_third-49f6e875884219cf77c24341e550af53 av_one_third  avia-builder-el-23  el_after_av_one_third  el_before_av_one_third  flex_column_div av-zero-column-padding  column-top-margin'     ><p>\n<style type=\"text\/css\" data-created_by=\"avia_inline_auto\" id=\"style-css-av-av_font_icon-b8c87d57521b91fbf99df7c859b50372\">\n.av_font_icon.av-av_font_icon-b8c87d57521b91fbf99df7c859b50372{\ncolor:#ff5900;\nborder-color:#ff5900;\n}\n.avia-svg-icon.av-av_font_icon-b8c87d57521b91fbf99df7c859b50372 svg:first-child{\nstroke:#ff5900;\nfill:#ff5900;\n}\n.av_font_icon.av-av_font_icon-b8c87d57521b91fbf99df7c859b50372 .av-icon-char{\nfont-size:40px;\n}\n<\/style>\n<span  class='av_font_icon av-av_font_icon-b8c87d57521b91fbf99df7c859b50372 avia_animate_when_visible av-icon-style- avia-icon-pos-center avia-svg-icon avia-font-svg_entypo-fontello avia-icon-animate'><span class='av-icon-char' data-av_svg_icon='briefcase' data-av_iconset='svg_entypo-fontello' ><svg version=\"1.1\" xmlns=\"http:\/\/www.w3.org\/2000\/svg\" width=\"32\" height=\"32\" viewBox=\"0 0 32 32\" preserveAspectRatio=\"xMidYMid meet\" aria-labelledby='av-svg-title-6' aria-describedby='av-svg-desc-6' role=\"graphics-symbol\" aria-hidden=\"true\">\n<title id='av-svg-title-6'>Briefcase<\/title>\n<desc id='av-svg-desc-6'>Briefcase<\/desc>\n<path d=\"M14.592 16.768v3.2h-14.592q0.256-7.232 0.32-9.344 0.128-3.456 3.2-3.456h5.12q0.512-0.832 1.184-2.144t0.736-1.44q0.448-0.832 0.736-1.024t1.184-0.192h7.104q0.832 0 1.152 0.224t0.704 0.992q0.576 1.024 1.92 3.584h5.12q3.072 0 3.2 3.456l0.32 9.344h-14.528v-3.2h-2.88zM12.224 5.44l-0.896 1.728h9.344l-0.896-1.728q-0.448-0.832-1.344-0.832h-4.864q-0.896 0-1.344 0.832zM17.472 24.768v-3.2h13.76q-0.192 2.816-0.32 5.312-0.192 2.688-2.88 2.688h-24q-2.88 0-2.88-2.688l-0.32-5.312h13.76v3.2h2.88z\"><\/path>\n<\/svg><\/span><\/span><br \/>\n<section  class='av_textblock_section av-mmulkq2t-4f298c56a8dcc97aa8cdc752b2091b21 '   itemscope=\"itemscope\" itemtype=\"https:\/\/schema.org\/CreativeWork\" ><div class='avia_textblock'  itemprop=\"text\" ><p style=\"text-align: center;\"><strong>Ana Madrid Rseines<\/strong><\/p>\n<p style=\"text-align: center;\">Animal Experimentation<\/p>\n<p style=\"text-align: center;\"><a href=\"mailto:amadrid@ceb.edu.es\" target=\"_blank\" rel=\"noopener\">amadrid@ceb.edu.es<\/a><\/p>\n<\/div><\/section><\/p><\/div>\n<style type=\"text\/css\" data-created_by=\"avia_inline_auto\" id=\"style-css-av-av_one_third-49f6e875884219cf77c24341e550af53\">\n.flex_column.av-av_one_third-49f6e875884219cf77c24341e550af53{\nborder-radius:0px 0px 0px 0px;\npadding:0px 0px 0px 0px;\n}\n<\/style>\n<div  class='flex_column av-av_one_third-49f6e875884219cf77c24341e550af53 av_one_third  avia-builder-el-26  el_after_av_one_third  avia-builder-el-last  flex_column_div av-zero-column-padding  column-top-margin'     ><section  class='av_textblock_section av-mmuljmc2-282acbb32b54cfb53a54cffbe9325c40 '   itemscope=\"itemscope\" itemtype=\"https:\/\/schema.org\/CreativeWork\" ><div class='avia_textblock'  itemprop=\"text\" ><\/div><\/section><\/div>\n","protected":false},"excerpt":{"rendered":"","protected":false},"author":1,"featured_media":0,"parent":0,"menu_order":0,"comment_status":"closed","ping_status":"closed","template":"","meta":{"footnotes":"","_links_to":"","_links_to_target":""},"class_list":["post-10299","page","type-page","status-publish","hentry"],"_links":{"self":[{"href":"https:\/\/ceb.edu.es\/en\/wp-json\/wp\/v2\/pages\/10299","targetHints":{"allow":["GET"]}}],"collection":[{"href":"https:\/\/ceb.edu.es\/en\/wp-json\/wp\/v2\/pages"}],"about":[{"href":"https:\/\/ceb.edu.es\/en\/wp-json\/wp\/v2\/types\/page"}],"author":[{"embeddable":true,"href":"https:\/\/ceb.edu.es\/en\/wp-json\/wp\/v2\/users\/1"}],"replies":[{"embeddable":true,"href":"https:\/\/ceb.edu.es\/en\/wp-json\/wp\/v2\/comments?post=10299"}],"version-history":[{"count":9,"href":"https:\/\/ceb.edu.es\/en\/wp-json\/wp\/v2\/pages\/10299\/revisions"}],"predecessor-version":[{"id":14646,"href":"https:\/\/ceb.edu.es\/en\/wp-json\/wp\/v2\/pages\/10299\/revisions\/14646"}],"wp:attachment":[{"href":"https:\/\/ceb.edu.es\/en\/wp-json\/wp\/v2\/media?parent=10299"}],"curies":[{"name":"wp","href":"https:\/\/api.w.org\/{rel}","templated":true}]}}