{"id":12201,"date":"2025-10-27T05:44:36","date_gmt":"2025-10-27T05:44:36","guid":{"rendered":"https:\/\/ceb.edu.es\/?post_type=product&#038;p=12201"},"modified":"2026-04-02T11:07:51","modified_gmt":"2026-04-02T11:07:51","slug":"solicitud-de-creditos-de-formacion-continuada","status":"publish","type":"product","link":"https:\/\/ceb.edu.es\/en\/producto\/solicitud-de-creditos-de-formacion-continuada\/","title":{"rendered":"Solicitud de Cr\u00e9ditos de Formaci\u00f3n Continuada"},"content":{"rendered":"<p>Por favor, seleccione los cr\u00e9ditos que desea solicitar y siga los pasos para realizar el cobro con tarjeta de cr\u00e9dito.<\/p>\n<p>CFC Curso Biolog\u00eda Molecular y Celular del C\u00e1ncer (9,6 cr\u00e9ditos) &#8211; 125\u20ac<br \/>\nCFC Curso Patolog\u00eda Molecular (8,6 cr\u00e9ditos) &#8211; 125\u20ac<br \/>\nCFC Curso Oncolog\u00eda Molecular (8,1 cr\u00e9ditos) &#8211; 125\u20ac<\/p>\n<p>En unos d\u00edas le enviaremos la factura correspondiente al pago recibido. Es muy importante que rellene correctamente sus datos de facturaci\u00f3n en el formulario de pago.<\/p>\n<p>Solo se emitir\u00e1 factura a nombre de una instituci\u00f3n si se comprueba que la tarjeta es de la compa\u00f1\u00eda.<\/p>\n","protected":false},"excerpt":{"rendered":"<p>Por favor, seleccione los cr\u00e9ditos que desea solicitar y siga los pasos para realizar el cobro con tarjeta de cr\u00e9dito. CFC Curso Biolog\u00eda Molecular y Celular del C\u00e1ncer (9,6 cr\u00e9ditos) &#8211; 125\u20ac CFC Curso Patolog\u00eda Molecular (8,6 cr\u00e9ditos) &#8211; 125\u20ac CFC Curso Oncolog\u00eda Molecular (8,1 cr\u00e9ditos) &#8211; 125\u20ac En unos d\u00edas le enviaremos la factura [&hellip;]<\/p>\n","protected":false},"featured_media":14496,"template":"","meta":{"_links_to":"","_links_to_target":""},"product_brand":[],"product_cat":[93],"product_tag":[],"class_list":{"0":"post-12201","1":"product","2":"type-product","3":"status-publish","4":"has-post-thumbnail","6":"product_cat-om-products","8":"first","9":"instock","10":"virtual","11":"purchasable","12":"product-type-simple"},"_links":{"self":[{"href":"https:\/\/ceb.edu.es\/en\/wp-json\/wp\/v2\/product\/12201","targetHints":{"allow":["GET"]}}],"collection":[{"href":"https:\/\/ceb.edu.es\/en\/wp-json\/wp\/v2\/product"}],"about":[{"href":"https:\/\/ceb.edu.es\/en\/wp-json\/wp\/v2\/types\/product"}],"wp:featuredmedia":[{"embeddable":true,"href":"https:\/\/ceb.edu.es\/en\/wp-json\/wp\/v2\/media\/14496"}],"wp:attachment":[{"href":"https:\/\/ceb.edu.es\/en\/wp-json\/wp\/v2\/media?parent=12201"}],"wp:term":[{"taxonomy":"product_brand","embeddable":true,"href":"https:\/\/ceb.edu.es\/en\/wp-json\/wp\/v2\/product_brand?post=12201"},{"taxonomy":"product_cat","embeddable":true,"href":"https:\/\/ceb.edu.es\/en\/wp-json\/wp\/v2\/product_cat?post=12201"},{"taxonomy":"product_tag","embeddable":true,"href":"https:\/\/ceb.edu.es\/en\/wp-json\/wp\/v2\/product_tag?post=12201"}],"curies":[{"name":"wp","href":"https:\/\/api.w.org\/{rel}","templated":true}]}}