{"id":12203,"date":"2025-10-27T05:45:24","date_gmt":"2025-10-27T05:45:24","guid":{"rendered":"https:\/\/ceb.edu.es\/?post_type=product&#038;p=12203"},"modified":"2026-04-02T11:07:44","modified_gmt":"2026-04-02T11:07:44","slug":"cuota-del-master-en-oncologia-molecular","status":"publish","type":"product","link":"https:\/\/ceb.edu.es\/en\/producto\/cuota-del-master-en-oncologia-molecular\/","title":{"rendered":"Cuota del M\u00e1ster en Oncolog\u00eda Molecular"},"content":{"rendered":"<p>Por favor, introduzca el importe que desea pagar y siga los pasos para realizar el cobro con tarjeta de cr\u00e9dito.<\/p>\n<p>En unos d\u00edas le enviaremos la factura correspondiente al pago recibido. Es muy importante que rellene correctamente sus datos de facturaci\u00f3n en el formulario de pago.<\/p>\n<p>Solo se emitir\u00e1 factura a nombre de una instituci\u00f3n si se comprueba que la tarjeta es de la compa\u00f1\u00eda.<\/p>\n","protected":false},"excerpt":{"rendered":"<p>Por favor, introduzca el importe que desea pagar y siga los pasos para realizar el cobro con tarjeta de cr\u00e9dito. En unos d\u00edas le enviaremos la factura correspondiente al pago recibido. Es muy importante que rellene correctamente sus datos de facturaci\u00f3n en el formulario de pago. Solo se emitir\u00e1 factura a nombre de una instituci\u00f3n [&hellip;]<\/p>\n","protected":false},"featured_media":14484,"template":"","meta":{"_links_to":"","_links_to_target":""},"product_brand":[],"product_cat":[93],"product_tag":[],"class_list":{"0":"post-12203","1":"product","2":"type-product","3":"status-publish","4":"has-post-thumbnail","6":"product_cat-om-products","8":"first","9":"instock","10":"virtual","11":"purchasable","12":"product-type-simple"},"_links":{"self":[{"href":"https:\/\/ceb.edu.es\/en\/wp-json\/wp\/v2\/product\/12203","targetHints":{"allow":["GET"]}}],"collection":[{"href":"https:\/\/ceb.edu.es\/en\/wp-json\/wp\/v2\/product"}],"about":[{"href":"https:\/\/ceb.edu.es\/en\/wp-json\/wp\/v2\/types\/product"}],"wp:featuredmedia":[{"embeddable":true,"href":"https:\/\/ceb.edu.es\/en\/wp-json\/wp\/v2\/media\/14484"}],"wp:attachment":[{"href":"https:\/\/ceb.edu.es\/en\/wp-json\/wp\/v2\/media?parent=12203"}],"wp:term":[{"taxonomy":"product_brand","embeddable":true,"href":"https:\/\/ceb.edu.es\/en\/wp-json\/wp\/v2\/product_brand?post=12203"},{"taxonomy":"product_cat","embeddable":true,"href":"https:\/\/ceb.edu.es\/en\/wp-json\/wp\/v2\/product_cat?post=12203"},{"taxonomy":"product_tag","embeddable":true,"href":"https:\/\/ceb.edu.es\/en\/wp-json\/wp\/v2\/product_tag?post=12203"}],"curies":[{"name":"wp","href":"https:\/\/api.w.org\/{rel}","templated":true}]}}