{"id":14420,"date":"2026-03-12T18:08:43","date_gmt":"2026-03-12T18:08:43","guid":{"rendered":"https:\/\/ceb.edu.es\/?post_type=product&#038;p=14420"},"modified":"2026-04-02T11:07:38","modified_gmt":"2026-04-02T11:07:38","slug":"curso-de-nutricion-en-el-paciente-oncologico","status":"publish","type":"product","link":"https:\/\/ceb.edu.es\/en\/producto\/curso-de-nutricion-en-el-paciente-oncologico\/","title":{"rendered":"Curso de Nutrici\u00f3n en el Paciente Oncol\u00f3gico"},"content":{"rendered":"<p>La nutrici\u00f3n es un elemento fundamental en el tratamiento y la recuperaci\u00f3n del paciente con c\u00e1ncer. Este curso ofrece una formaci\u00f3n actualizada sobre las necesidades nutricionales en oncolog\u00eda, abordando la prevenci\u00f3n y manejo de la desnutrici\u00f3n, las complicaciones derivadas de los tratamientos oncol\u00f3gicos y las estrategias diet\u00e9ticas m\u00e1s adecuadas en cada fase de la enfermedad. Dirigido a profesionales sanitarios interesados en mejorar la atenci\u00f3n y la calidad de vida de los pacientes oncol\u00f3gicos.<\/p>\n","protected":false},"excerpt":{"rendered":"<p>La nutrici\u00f3n es un elemento fundamental en el tratamiento y la recuperaci\u00f3n del paciente con c\u00e1ncer. Este curso ofrece una formaci\u00f3n actualizada sobre las necesidades nutricionales en oncolog\u00eda, abordando la prevenci\u00f3n y manejo de la desnutrici\u00f3n, las complicaciones derivadas de los tratamientos oncol\u00f3gicos y las estrategias diet\u00e9ticas m\u00e1s adecuadas en cada fase de la enfermedad. [&hellip;]<\/p>\n","protected":false},"featured_media":14494,"template":"","meta":{"_links_to":"","_links_to_target":""},"product_brand":[],"product_cat":[93],"product_tag":[],"class_list":{"0":"post-14420","1":"product","2":"type-product","3":"status-publish","4":"has-post-thumbnail","6":"product_cat-om-products","8":"first","9":"instock","10":"virtual","11":"purchasable","12":"product-type-simple"},"_links":{"self":[{"href":"https:\/\/ceb.edu.es\/en\/wp-json\/wp\/v2\/product\/14420","targetHints":{"allow":["GET"]}}],"collection":[{"href":"https:\/\/ceb.edu.es\/en\/wp-json\/wp\/v2\/product"}],"about":[{"href":"https:\/\/ceb.edu.es\/en\/wp-json\/wp\/v2\/types\/product"}],"wp:featuredmedia":[{"embeddable":true,"href":"https:\/\/ceb.edu.es\/en\/wp-json\/wp\/v2\/media\/14494"}],"wp:attachment":[{"href":"https:\/\/ceb.edu.es\/en\/wp-json\/wp\/v2\/media?parent=14420"}],"wp:term":[{"taxonomy":"product_brand","embeddable":true,"href":"https:\/\/ceb.edu.es\/en\/wp-json\/wp\/v2\/product_brand?post=14420"},{"taxonomy":"product_cat","embeddable":true,"href":"https:\/\/ceb.edu.es\/en\/wp-json\/wp\/v2\/product_cat?post=14420"},{"taxonomy":"product_tag","embeddable":true,"href":"https:\/\/ceb.edu.es\/en\/wp-json\/wp\/v2\/product_tag?post=14420"}],"curies":[{"name":"wp","href":"https:\/\/api.w.org\/{rel}","templated":true}]}}