{"id":14422,"date":"2026-03-12T18:19:39","date_gmt":"2026-03-12T18:19:39","guid":{"rendered":"https:\/\/ceb.edu.es\/?post_type=product&#038;p=14422"},"modified":"2026-04-02T11:07:31","modified_gmt":"2026-04-02T11:07:31","slug":"curso-de-inteligencia-artificial-aplicada-a-la-oncologia","status":"publish","type":"product","link":"https:\/\/ceb.edu.es\/en\/producto\/curso-de-inteligencia-artificial-aplicada-a-la-oncologia\/","title":{"rendered":"Curso de Inteligencia Artificial Aplicada a la Oncolog\u00eda"},"content":{"rendered":"<p>La inteligencia artificial est\u00e1 revolucionando el campo de la oncolog\u00eda. En este curso aprender\u00e1s c\u00f3mo las herramientas de IA se utilizan para mejorar el diagn\u00f3stico del c\u00e1ncer, el an\u00e1lisis de datos cl\u00ednicos, la medicina de precisi\u00f3n y la toma de decisiones terap\u00e9uticas. Una formaci\u00f3n dise\u00f1ada para profesionales de la salud e investigadores que desean comprender el impacto y las aplicaciones reales de la IA en la pr\u00e1ctica oncol\u00f3gica actual.<\/p>\n","protected":false},"excerpt":{"rendered":"<p>La inteligencia artificial est\u00e1 revolucionando el campo de la oncolog\u00eda. En este curso aprender\u00e1s c\u00f3mo las herramientas de IA se utilizan para mejorar el diagn\u00f3stico del c\u00e1ncer, el an\u00e1lisis de datos cl\u00ednicos, la medicina de precisi\u00f3n y la toma de decisiones terap\u00e9uticas. Una formaci\u00f3n dise\u00f1ada para profesionales de la salud e investigadores que desean comprender [&hellip;]<\/p>\n","protected":false},"featured_media":14488,"template":"","meta":{"_links_to":"","_links_to_target":""},"product_brand":[],"product_cat":[93],"product_tag":[],"class_list":{"0":"post-14422","1":"product","2":"type-product","3":"status-publish","4":"has-post-thumbnail","6":"product_cat-om-products","8":"first","9":"instock","10":"virtual","11":"purchasable","12":"product-type-simple"},"_links":{"self":[{"href":"https:\/\/ceb.edu.es\/en\/wp-json\/wp\/v2\/product\/14422","targetHints":{"allow":["GET"]}}],"collection":[{"href":"https:\/\/ceb.edu.es\/en\/wp-json\/wp\/v2\/product"}],"about":[{"href":"https:\/\/ceb.edu.es\/en\/wp-json\/wp\/v2\/types\/product"}],"wp:featuredmedia":[{"embeddable":true,"href":"https:\/\/ceb.edu.es\/en\/wp-json\/wp\/v2\/media\/14488"}],"wp:attachment":[{"href":"https:\/\/ceb.edu.es\/en\/wp-json\/wp\/v2\/media?parent=14422"}],"wp:term":[{"taxonomy":"product_brand","embeddable":true,"href":"https:\/\/ceb.edu.es\/en\/wp-json\/wp\/v2\/product_brand?post=14422"},{"taxonomy":"product_cat","embeddable":true,"href":"https:\/\/ceb.edu.es\/en\/wp-json\/wp\/v2\/product_cat?post=14422"},{"taxonomy":"product_tag","embeddable":true,"href":"https:\/\/ceb.edu.es\/en\/wp-json\/wp\/v2\/product_tag?post=14422"}],"curies":[{"name":"wp","href":"https:\/\/api.w.org\/{rel}","templated":true}]}}