{"id":14424,"date":"2026-03-12T18:20:31","date_gmt":"2026-03-12T18:20:31","guid":{"rendered":"https:\/\/ceb.edu.es\/?post_type=product&#038;p=14424"},"modified":"2026-04-02T11:06:02","modified_gmt":"2026-04-02T11:06:02","slug":"curso-de-inteligencia-artificial-aplicada-a-la-investigacion-biomedica","status":"publish","type":"product","link":"https:\/\/ceb.edu.es\/en\/producto\/curso-de-inteligencia-artificial-aplicada-a-la-investigacion-biomedica\/","title":{"rendered":"Curso de Inteligencia Artificial Aplicada a la Investigaci\u00f3n Biom\u00e9dica"},"content":{"rendered":"<p>Descubre c\u00f3mo la inteligencia artificial est\u00e1 transformando la investigaci\u00f3n biom\u00e9dica. Este curso ofrece una introducci\u00f3n pr\u00e1ctica al uso de herramientas de IA para el an\u00e1lisis de datos cient\u00edficos, la b\u00fasqueda y revisi\u00f3n de literatura, la generaci\u00f3n de hip\u00f3tesis y el dise\u00f1o de proyectos de investigaci\u00f3n. Ideal para investigadores, profesionales de ciencias de la salud y estudiantes interesados en incorporar tecnolog\u00edas innovadoras a su trabajo cient\u00edfico.<\/p>\n","protected":false},"excerpt":{"rendered":"<p>Descubre c\u00f3mo la inteligencia artificial est\u00e1 transformando la investigaci\u00f3n biom\u00e9dica. Este curso ofrece una introducci\u00f3n pr\u00e1ctica al uso de herramientas de IA para el an\u00e1lisis de datos cient\u00edficos, la b\u00fasqueda y revisi\u00f3n de literatura, la generaci\u00f3n de hip\u00f3tesis y el dise\u00f1o de proyectos de investigaci\u00f3n. Ideal para investigadores, profesionales de ciencias de la salud y [&hellip;]<\/p>\n","protected":false},"featured_media":14492,"template":"","meta":{"_links_to":"","_links_to_target":""},"product_brand":[],"product_cat":[93],"product_tag":[],"class_list":{"0":"post-14424","1":"product","2":"type-product","3":"status-publish","4":"has-post-thumbnail","6":"product_cat-om-products","8":"first","9":"instock","10":"virtual","11":"purchasable","12":"product-type-simple"},"_links":{"self":[{"href":"https:\/\/ceb.edu.es\/en\/wp-json\/wp\/v2\/product\/14424","targetHints":{"allow":["GET"]}}],"collection":[{"href":"https:\/\/ceb.edu.es\/en\/wp-json\/wp\/v2\/product"}],"about":[{"href":"https:\/\/ceb.edu.es\/en\/wp-json\/wp\/v2\/types\/product"}],"wp:featuredmedia":[{"embeddable":true,"href":"https:\/\/ceb.edu.es\/en\/wp-json\/wp\/v2\/media\/14492"}],"wp:attachment":[{"href":"https:\/\/ceb.edu.es\/en\/wp-json\/wp\/v2\/media?parent=14424"}],"wp:term":[{"taxonomy":"product_brand","embeddable":true,"href":"https:\/\/ceb.edu.es\/en\/wp-json\/wp\/v2\/product_brand?post=14424"},{"taxonomy":"product_cat","embeddable":true,"href":"https:\/\/ceb.edu.es\/en\/wp-json\/wp\/v2\/product_cat?post=14424"},{"taxonomy":"product_tag","embeddable":true,"href":"https:\/\/ceb.edu.es\/en\/wp-json\/wp\/v2\/product_tag?post=14424"}],"curies":[{"name":"wp","href":"https:\/\/api.w.org\/{rel}","templated":true}]}}