{"id":3471,"date":"2020-07-28T07:48:58","date_gmt":"2020-07-28T07:48:58","guid":{"rendered":"http:\/\/experimentacionanimal.ceb.edu.es\/?post_type=product&#038;p=3471"},"modified":"2026-03-25T12:46:25","modified_gmt":"2026-03-25T12:46:25","slug":"curso-funcion-a","status":"publish","type":"product","link":"https:\/\/ceb.edu.es\/en\/producto\/curso-funcion-a\/","title":{"rendered":"Curso Funci\u00f3n A"},"content":{"rendered":"<div id='layer_slider_1'  class='avia-layerslider main_color avia-shadow  avia-builder-el-0  el_before_av_section  avia-builder-el-first  container_wrap fullsize'  style='height: 531px;'  ><\/div>\n<div id='av_section_1'  class='avia-section av-kdnjqr6y-76c06c320e93b20c92c01229c05a23e0 main_color avia-section-default avia-no-border-styling  avia-builder-el-1  el_after_av_layerslider  el_before_av_section  row-narrow avia-bg-style-scroll container_wrap fullsize'  ><div class='container av-section-cont-open' ><div class='template-page content  av-content-full alpha units'><div class='post-entry post-entry-type-page post-entry-3471'><div class='entry-content-wrapper clearfix'>\n<section  class='av_textblock_section av-kd64f4m2-52ed4068d158405ab46ed9a0a8ce9194 '   itemscope=\"itemscope\" itemtype=\"https:\/\/schema.org\/CreativeWork\" ><div class='avia_textblock'  itemprop=\"text\" ><h2 style=\"text-align: center;\">Un curso dirigido a todas las personas interesadas en el cuidado de los animales<\/h2>\n<\/div><\/section>\n\n<style type=\"text\/css\" data-created_by=\"avia_inline_auto\" id=\"style-css-av-gvb2kv-de71be8f8c0e6ec15107f8d73610ccca\">\n.flex_column.av-gvb2kv-de71be8f8c0e6ec15107f8d73610ccca{\nborder-radius:0px 0px 0px 0px;\npadding:0px 0px 0px 0px;\n}\n<\/style>\n<div  class='flex_column av-gvb2kv-de71be8f8c0e6ec15107f8d73610ccca av_one_fourth  avia-builder-el-3  el_after_av_textblock  el_before_av_one_fourth  first flex_column_div av-zero-column-padding  column-top-margin'     ><\/div>\n<style type=\"text\/css\" data-created_by=\"avia_inline_auto\" id=\"style-css-av-gvb2kv-20-de009b6197b66f987c793901a8c3aa07\">\n.flex_column.av-gvb2kv-20-de009b6197b66f987c793901a8c3aa07{\nborder-radius:0px 0px 0px 0px;\npadding:0px 0px 0px 0px;\n}\n<\/style>\n<div  class='flex_column av-gvb2kv-20-de009b6197b66f987c793901a8c3aa07 av_one_fourth  avia-builder-el-5  el_after_av_one_fourth  el_before_av_one_fourth  flex_column_div av-zero-column-padding  column-top-margin'     ><\/div>\n<style type=\"text\/css\" data-created_by=\"avia_inline_auto\" id=\"style-css-av-gvb2kv-19-663afc2f745f925f8c0ccc68d5c7729c\">\n.flex_column.av-gvb2kv-19-663afc2f745f925f8c0ccc68d5c7729c{\nborder-radius:0px 0px 0px 0px;\npadding:0px 0px 0px 0px;\n}\n<\/style>\n<div  class='flex_column av-gvb2kv-19-663afc2f745f925f8c0ccc68d5c7729c av_one_fourth  avia-builder-el-7  el_after_av_one_fourth  el_before_av_one_fourth  flex_column_div av-zero-column-padding  column-top-margin'     ><\/div>\n<style type=\"text\/css\" data-created_by=\"avia_inline_auto\" id=\"style-css-av-gvb2kv-18-0fdea755897e5751126e8db6a7d8844e\">\n.flex_column.av-gvb2kv-18-0fdea755897e5751126e8db6a7d8844e{\nborder-radius:0px 0px 0px 0px;\npadding:0px 0px 0px 0px;\n}\n<\/style>\n<div  class='flex_column av-gvb2kv-18-0fdea755897e5751126e8db6a7d8844e av_one_fourth  avia-builder-el-9  el_after_av_one_fourth  avia-builder-el-last  flex_column_div av-zero-column-padding  column-top-margin'     ><\/div>\n\n<\/div><\/div><\/div><!-- close content main div --><\/div><\/div>\n<style type=\"text\/css\" data-created_by=\"avia_inline_auto\" id=\"style-css-av-67erpr-bbe986e0ae2b6b0bfbf2a5f874910ccd\">\n.avia-section.av-67erpr-bbe986e0ae2b6b0bfbf2a5f874910ccd{\nbackground-color:#f2f2f2;\nbackground-image:unset;\n}\n<\/style>\n<div id='av_section_2'  class='avia-section av-67erpr-bbe986e0ae2b6b0bfbf2a5f874910ccd main_color avia-section-default avia-no-border-styling  avia-builder-el-11  el_after_av_section  el_before_av_section  avia-bg-style-scroll container_wrap fullsize'  ><div class='container av-section-cont-open' ><div class='template-page content  av-content-full alpha units'><div class='post-entry post-entry-type-page post-entry-3471'><div class='entry-content-wrapper clearfix'>\n\n<style type=\"text\/css\" data-created_by=\"avia_inline_auto\" id=\"style-css-av-40ru4v-07065ec40012d43fa66efdb195f67819\">\n.flex_column.av-40ru4v-07065ec40012d43fa66efdb195f67819{\nborder-radius:0px 0px 0px 0px;\npadding:0px 0px 0px 0px;\n}\n<\/style>\n<div  class='flex_column av-40ru4v-07065ec40012d43fa66efdb195f67819 av_one_half  avia-builder-el-12  el_before_av_one_half  avia-builder-el-first  first flex_column_div av-zero-column-padding  '     ><style type=\"text\/css\" data-created_by=\"avia_inline_auto\" id=\"style-css-av-kd65jkf5-09585118496a5277c675f43e3bc6b98f\">\n.avia-image-container.av-kd65jkf5-09585118496a5277c675f43e3bc6b98f img.avia_image{\nbox-shadow:none;\n}\n.avia-image-container.av-kd65jkf5-09585118496a5277c675f43e3bc6b98f .av-image-caption-overlay-center{\ncolor:#ffffff;\n}\n<\/style>\n<div  class='avia-image-container av-kd65jkf5-09585118496a5277c675f43e3bc6b98f av-styling- avia-align-center  avia-builder-el-13  avia-builder-el-no-sibling '   itemprop=\"image\" itemscope=\"itemscope\" itemtype=\"https:\/\/schema.org\/ImageObject\" ><div class=\"avia-image-container-inner\"><div class=\"avia-image-overlay-wrap\"><img decoding=\"async\" fetchpriority=\"high\" class='wp-image-9759 avia-img-lazy-loading-not-9759 avia_image ' src=\"https:\/\/ceb.edu.es\/wp-content\/uploads\/2020\/07\/imagen-funci\u00f3n-a.png\" alt='' title='imagen funci\u00f3n a'  height=\"337\" width=\"600\"  itemprop=\"thumbnailUrl\"  \/><\/div><\/div><\/div><\/div>\n<style type=\"text\/css\" data-created_by=\"avia_inline_auto\" id=\"style-css-av-26qv5b-2d94440a506fecf4e1eb40fab5af0c54\">\n.flex_column.av-26qv5b-2d94440a506fecf4e1eb40fab5af0c54{\nborder-radius:0px 0px 0px 0px;\npadding:0px 0px 0px 0px;\n}\n<\/style>\n<div  class='flex_column av-26qv5b-2d94440a506fecf4e1eb40fab5af0c54 av_one_half  avia-builder-el-14  el_after_av_one_half  avia-builder-el-last  flex_column_div av-zero-column-padding  '     ><section  class='av_textblock_section av-kd65nas9-92c90f23e78df5529ff515631bca65fb '   itemscope=\"itemscope\" itemtype=\"https:\/\/schema.org\/CreativeWork\" ><div class='avia_textblock'  itemprop=\"text\" ><p style=\"font-size: 30px;\">Te lo ponemos <strong style=\"color: #000000;\">f\u00e1cil<\/strong><\/p>\n<p>El Centro de Estudios Biosanitarios te ofrece gestionar los tr\u00e1mites de solicitud del reconocimiento de la capacitaci\u00f3n por tan s\u00f3lo 20 euros.<\/p>\n<p>Para m\u00e1s informaci\u00f3n contacta por correo electr\u00f3nico (<a href=\"mailto:info@ceb.edu.es\" target=\"_blank\" rel=\"noopener\">info@ceb.edu.es<\/a>) o tel\u00e9fono (<a href=\"tel:619769634\">619769634<\/a>)<\/p>\n<\/div><\/section><\/div><\/div><\/div><\/div><!-- close content main div --><\/div><\/div><div id='av_section_3'  class='avia-section av-9dngf-1aaf00ef0a0d378a27ed6cc98e8764da main_color avia-section-default avia-no-border-styling  avia-builder-el-16  el_after_av_section  el_before_av_section  avia-bg-style-scroll container_wrap fullsize'  ><div class='container av-section-cont-open' ><div class='template-page content  av-content-full alpha units'><div class='post-entry post-entry-type-page post-entry-3471'><div class='entry-content-wrapper clearfix'>\n<section  class='av_textblock_section av-kd5mvqhf-15f39c97515be155449e6afed15c14c8 '   itemscope=\"itemscope\" itemtype=\"https:\/\/schema.org\/CreativeWork\" ><div class='avia_textblock'  itemprop=\"text\" ><p style=\"text-align: center; color: #666666; font-size: 20px;\">Cursos reconocidos por la Comunidad de Madrid, v\u00e1lidos en todo el territorio nacional, para <strong style=\"color: #666666;\">todos los grupos de especies animales incluidos en el Anexo II de la Orden ECC\/566\/2015<\/strong>.<\/p>\n<\/div><\/section>\n<section  class='av_textblock_section av-kd6huntb-991a8b2966d1b777d1a27db17f93eb46 '   itemscope=\"itemscope\" itemtype=\"https:\/\/schema.org\/CreativeWork\" ><div class='avia_textblock'  itemprop=\"text\" ><h2 style=\"text-align: center; padding-top: 30px;\">Programa Te\u00f3rico &#8211; Pr\u00e1ctico<\/h2>\n<\/div><\/section>\n\n<style type=\"text\/css\" data-created_by=\"avia_inline_auto\" id=\"style-css-av-kd6iyp4a-ba1d33d8b17767d10b94437295d2aac4\">\n.flex_column.av-kd6iyp4a-ba1d33d8b17767d10b94437295d2aac4{\nborder-radius:0px 0px 0px 0px;\npadding:0px 0px 0px 0px;\n}\n<\/style>\n<div  class='flex_column av-kd6iyp4a-ba1d33d8b17767d10b94437295d2aac4 av_one_fourth  avia-builder-el-19  el_after_av_textblock  el_before_av_one_fourth  first flex_column_div av-zero-column-padding  column-top-margin'     ><section  class='av_textblock_section av-kd5mvqhf-17-84e86efe0c42b8e2fae6a39516849ece '   itemscope=\"itemscope\" itemtype=\"https:\/\/schema.org\/CreativeWork\" ><div class='avia_textblock'  itemprop=\"text\" ><div class=\"course-program-box\"><span class=\"course-program-box-number\" style=\"font-size: 50px;\">1<\/span><br \/>\n<span class=\"course-program-box-text\">Legislaci\u00f3n nacional<\/span><\/div>\n<\/div><\/section><\/div>\n<style type=\"text\/css\" data-created_by=\"avia_inline_auto\" id=\"style-css-av-kd6iyp4a-15-e85a20aaf6dc7a3de1f569452ec9edd3\">\n.flex_column.av-kd6iyp4a-15-e85a20aaf6dc7a3de1f569452ec9edd3{\nborder-radius:0px 0px 0px 0px;\npadding:0px 0px 0px 0px;\n}\n<\/style>\n<div  class='flex_column av-kd6iyp4a-15-e85a20aaf6dc7a3de1f569452ec9edd3 av_one_fourth  avia-builder-el-21  el_after_av_one_fourth  el_before_av_one_fourth  flex_column_div av-zero-column-padding  column-top-margin'     ><section  class='av_textblock_section av-kd5mvqhf-14-bd0f8b07fd46d03156a02f9b952bf78a '   itemscope=\"itemscope\" itemtype=\"https:\/\/schema.org\/CreativeWork\" ><div class='avia_textblock'  itemprop=\"text\" ><div class=\"course-program-box\"><span class=\"course-program-box-number\" style=\"font-size: 50px;\">2<\/span><br \/>\n<span class=\"course-program-box-text\">\u00c9tica, bienestar animal y las 3 erres. Nivel 1<br \/>\n<\/span><\/div>\n<\/div><\/section><\/div>\n<style type=\"text\/css\" data-created_by=\"avia_inline_auto\" id=\"style-css-av-kd6iyp4a-13-1ea96219fb8efef9c1f9bfeb7841b1da\">\n.flex_column.av-kd6iyp4a-13-1ea96219fb8efef9c1f9bfeb7841b1da{\nborder-radius:0px 0px 0px 0px;\npadding:0px 0px 0px 0px;\n}\n<\/style>\n<div  class='flex_column av-kd6iyp4a-13-1ea96219fb8efef9c1f9bfeb7841b1da av_one_fourth  avia-builder-el-23  el_after_av_one_fourth  el_before_av_one_fourth  flex_column_div av-zero-column-padding  column-top-margin'     ><section  class='av_textblock_section av-kd5mvqhf-12-8fa39c00322ea87e1161f9bd88e62d7b '   itemscope=\"itemscope\" itemtype=\"https:\/\/schema.org\/CreativeWork\" ><div class='avia_textblock'  itemprop=\"text\" ><div class=\"course-program-box\"><span class=\"course-program-box-number\" style=\"font-size: 50px;\">3<\/span><br \/>\n<span class=\"course-program-box-text\">Biolog\u00eda b\u00e1sica y adecuada. Nivel 1<br \/>\n<\/span><\/div>\n<\/div><\/section><\/div>\n<style type=\"text\/css\" data-created_by=\"avia_inline_auto\" id=\"style-css-av-kd6iyp4a-11-56579a6168e1679b5ef720d8fdfd3ab0\">\n.flex_column.av-kd6iyp4a-11-56579a6168e1679b5ef720d8fdfd3ab0{\nborder-radius:0px 0px 0px 0px;\npadding:0px 0px 0px 0px;\n}\n<\/style>\n<div  class='flex_column av-kd6iyp4a-11-56579a6168e1679b5ef720d8fdfd3ab0 av_one_fourth  avia-builder-el-25  el_after_av_one_fourth  el_before_av_one_fourth  flex_column_div av-zero-column-padding  column-top-margin'     ><section  class='av_textblock_section av-kd5mvqhf-10-9b9d6bccc4613b7755eaa950c828ee34 '   itemscope=\"itemscope\" itemtype=\"https:\/\/schema.org\/CreativeWork\" ><div class='avia_textblock'  itemprop=\"text\" ><div class=\"course-program-box\"><span class=\"course-program-box-number\" style=\"font-size: 50px;\">4<\/span><br \/>\nCuidado, salud y manejo de los animales. Nivel 1<\/div>\n<\/div><\/section><\/div>\n<style type=\"text\/css\" data-created_by=\"avia_inline_auto\" id=\"style-css-av-kd6iyp4a-9-7f27d5e5e898747b1a3e48be683b10f0\">\n.flex_column.av-kd6iyp4a-9-7f27d5e5e898747b1a3e48be683b10f0{\nborder-radius:0px 0px 0px 0px;\npadding:0px 0px 0px 0px;\n}\n<\/style>\n<div  class='flex_column av-kd6iyp4a-9-7f27d5e5e898747b1a3e48be683b10f0 av_one_fourth  avia-builder-el-27  el_after_av_one_fourth  el_before_av_one_fourth  first flex_column_div av-zero-column-padding  column-top-margin'     ><section  class='av_textblock_section av-kd5mvqhf-8-09d93e5df84d5f556062f42bcb92d2eb '   itemscope=\"itemscope\" itemtype=\"https:\/\/schema.org\/CreativeWork\" ><div class='avia_textblock'  itemprop=\"text\" ><div class=\"course-program-box\"><span class=\"course-program-box-number\" style=\"font-size: 50px;\">5<\/span><br \/>\nReconocimiento del dolor, sufrimiento y angustia<\/div>\n<\/div><\/section><\/div>\n<style type=\"text\/css\" data-created_by=\"avia_inline_auto\" id=\"style-css-av-kd6iyp4a-7-2f09f511d20ea93cd902c596208737be\">\n.flex_column.av-kd6iyp4a-7-2f09f511d20ea93cd902c596208737be{\nborder-radius:0px 0px 0px 0px;\npadding:0px 0px 0px 0px;\n}\n<\/style>\n<div  class='flex_column av-kd6iyp4a-7-2f09f511d20ea93cd902c596208737be av_one_fourth  avia-builder-el-29  el_after_av_one_fourth  el_before_av_one_fourth  flex_column_div av-zero-column-padding  column-top-margin'     ><section  class='av_textblock_section av-kd5mvqhf-6-682661ccc9c233385a64c2e7cd30a21e '   itemscope=\"itemscope\" itemtype=\"https:\/\/schema.org\/CreativeWork\" ><div class='avia_textblock'  itemprop=\"text\" ><div class=\"course-program-box\"><span class=\"course-program-box-number\" style=\"font-size: 50px;\">6<\/span><br \/>\nM\u00e9todos incruentos de sacrificio. Nivel 1<\/div>\n<\/div><\/section><\/div>\n<style type=\"text\/css\" data-created_by=\"avia_inline_auto\" id=\"style-css-av-kd6iyp4a-5-fa272157a8ac319aa56381a47e5365dd\">\n.flex_column.av-kd6iyp4a-5-fa272157a8ac319aa56381a47e5365dd{\nborder-radius:0px 0px 0px 0px;\npadding:0px 0px 0px 0px;\n}\n<\/style>\n<div  class='flex_column av-kd6iyp4a-5-fa272157a8ac319aa56381a47e5365dd av_one_fourth  avia-builder-el-31  el_after_av_one_fourth  el_before_av_textblock  flex_column_div av-zero-column-padding  column-top-margin'     ><section  class='av_textblock_section av-kd5mvqhf-4-078439057313bc3e48c8d980360371bb '   itemscope=\"itemscope\" itemtype=\"https:\/\/schema.org\/CreativeWork\" ><div class='avia_textblock'  itemprop=\"text\" ><div class=\"course-program-box\"><span class=\"course-program-box-number\" style=\"font-size: 50px;\">7<\/span><br \/>\nBiolog\u00eda b\u00e1sica y adecuada. Nivel 2<\/div>\n<\/div><\/section><\/div><section  class='av_textblock_section av-kd6huntb-16-2c427c0c576bd198fbf0e956122fdf0a '   itemscope=\"itemscope\" itemtype=\"https:\/\/schema.org\/CreativeWork\" ><div class='avia_textblock'  itemprop=\"text\" ><p style=\"text-align: center; padding-top: 30px;\">El curso incluye ejercicios en ingl\u00e9s de visualizaci\u00f3n opcional no evaluables.<\/p>\n<p style=\"text-align: center;\">Nuestra metodolog\u00eda le permite <b>matricularse en cualquier momento y distribuir su tiempo de estudio como mejor le convenga<\/b>, ya que los contenidos est\u00e1n accesibles permanentemente durante el periodo de realizaci\u00f3n del Curso, <b>\u00fanicamente necesita estar conectado\/a a nuestra plataforma e-learning y estudiar los contenidos en ella<\/b>.<\/p>\n<\/div><\/section>\n<\/p>\n<\/div><\/div><\/div><!-- close content main div --><\/div><\/div>\n<style type=\"text\/css\" data-created_by=\"avia_inline_auto\" id=\"style-css-av-urji7-f5fd6b8147a500aca8b6315498e2f556\">\n.avia-section.av-urji7-f5fd6b8147a500aca8b6315498e2f556{\nbackground-color:#f2f2f2;\nbackground-image:unset;\n}\n<\/style>\n<div id='av_section_4'  class='avia-section av-urji7-f5fd6b8147a500aca8b6315498e2f556 main_color avia-section-default avia-no-border-styling  avia-builder-el-34  el_after_av_section  el_before_av_section  avia-bg-style-scroll container_wrap fullsize'  ><div class='container av-section-cont-open' ><div class='template-page content  av-content-full alpha units'><div class='post-entry post-entry-type-page post-entry-3471'><div class='entry-content-wrapper clearfix'>\n\n<style type=\"text\/css\" data-created_by=\"avia_inline_auto\" id=\"style-css-av-7zjda7-006b9c358248370b4b950b259a50c57d\">\n.flex_column.av-7zjda7-006b9c358248370b4b950b259a50c57d{\nborder-radius:0px 0px 0px 0px;\npadding:0px 0px 0px 0px;\n}\n<\/style>\n<div  class='flex_column av-7zjda7-006b9c358248370b4b950b259a50c57d av_one_half  avia-builder-el-35  el_before_av_one_half  avia-builder-el-first  first flex_column_div av-zero-column-padding  '     ><section  class='av_textblock_section av-laypb-b816f00bac9e2c5a029fb6c848572524 '   itemscope=\"itemscope\" itemtype=\"https:\/\/schema.org\/CreativeWork\" ><div class='avia_textblock'  itemprop=\"text\" ><p style=\"font-size: 20px;\"><strong>Requisitos<\/strong> para obtener la capacitaci\u00f3n oficial (consulta nuestro apartado de <a style=\"text-decoration: underline;\" href=\"\/ea\/#preguntasFrecuentes\">preguntas frecuentes<\/a> para m\u00e1s informaci\u00f3n):<\/p>\n<ul>\n<li><strong>Funciones A, B y C<\/strong>: curso de formaci\u00f3n + periodo de trabajo bajo supervisi\u00f3n.<\/li>\n<li><strong>Funci\u00f3n D<\/strong>: curso de formaci\u00f3n + t\u00edtulo universitario (si la formaci\u00f3n universitaria no incluye Biolog\u00eda y Fisiolog\u00eda animal la persona interesada deber\u00e1 realizar un m\u00f3dulo adicional en estas disciplinas).<\/li>\n<li><strong>Funci\u00f3n E<\/strong>: curso de formaci\u00f3n + t\u00edtulo universitario en alguna especialidad que incluya formaci\u00f3n en Biolog\u00eda y Fisiolog\u00eda animal.<\/li>\n<li><strong>Funci\u00f3n F<\/strong>: curso de formaci\u00f3n + t\u00edtulo universitario en Veterinaria.<\/li>\n<\/ul>\n<\/div><\/section><\/div>\n<style type=\"text\/css\" data-created_by=\"avia_inline_auto\" id=\"style-css-av-4vqlb3-b20f6ce8a73ba5f3b73407b5763ba761\">\n.flex_column.av-4vqlb3-b20f6ce8a73ba5f3b73407b5763ba761{\nborder-radius:0px 0px 0px 0px;\npadding:0px 0px 0px 0px;\n}\n<\/style>\n<div  class='flex_column av-4vqlb3-b20f6ce8a73ba5f3b73407b5763ba761 av_one_half  avia-builder-el-37  el_after_av_one_half  avia-builder-el-last  flex_column_div av-zero-column-padding  '     ><style type=\"text\/css\" data-created_by=\"avia_inline_auto\" id=\"style-css-av-35g0a7-2c6f6daf82285cbc4aefefbfd8f7f5e8\">\n.avia-image-container.av-35g0a7-2c6f6daf82285cbc4aefefbfd8f7f5e8 img.avia_image{\nbox-shadow:none;\n}\n.avia-image-container.av-35g0a7-2c6f6daf82285cbc4aefefbfd8f7f5e8 .av-image-caption-overlay-center{\ncolor:#ffffff;\n}\n<\/style>\n<div  class='avia-image-container av-35g0a7-2c6f6daf82285cbc4aefefbfd8f7f5e8 av-styling- avia-align-center  avia-builder-el-38  avia-builder-el-no-sibling '   itemprop=\"image\" itemscope=\"itemscope\" itemtype=\"https:\/\/schema.org\/ImageObject\" ><div class=\"avia-image-container-inner\"><div class=\"avia-image-overlay-wrap\"><img decoding=\"async\" fetchpriority=\"high\" class='wp-image-9783 avia-img-lazy-loading-not-9783 avia_image ' src=\"https:\/\/ceb.edu.es\/wp-content\/uploads\/2020\/08\/curso-funcion-requisitos.jpg\" alt='' title='Group of happy young students in a university.'  height=\"334\" width=\"500\"  itemprop=\"thumbnailUrl\"  \/><\/div><\/div><\/div><\/div>\n\n<\/div><\/div><\/div><!-- close content main div --><\/div><\/div><div id='av_section_5'  class='avia-section av-d22nmt-9c681f716d00bfe98a6ee54f128033cf main_color avia-section-default avia-no-border-styling  avia-builder-el-39  el_after_av_section  el_before_av_textblock  avia-bg-style-scroll container_wrap fullsize'  ><div class='container av-section-cont-open' ><div class='template-page content  av-content-full alpha units'><div class='post-entry post-entry-type-page post-entry-3471'><div class='entry-content-wrapper clearfix'>\n\n<style type=\"text\/css\" data-created_by=\"avia_inline_auto\" id=\"style-css-av-9q9651-b71f4c1c9f3a276d4bf9245f4ea6157e\">\n.flex_column.av-9q9651-b71f4c1c9f3a276d4bf9245f4ea6157e{\nborder-radius:0px 0px 0px 0px;\npadding:0px 0px 0px 0px;\n}\n<\/style>\n<div  class='flex_column av-9q9651-b71f4c1c9f3a276d4bf9245f4ea6157e av_one_full  avia-builder-el-40  el_before_av_one_half  avia-builder-el-first  first flex_column_div av-zero-column-padding  '     ><section  class='av_textblock_section av-kd631h20-fb54b13d7c3f8943dc674e9134d2d816 '   itemscope=\"itemscope\" itemtype=\"https:\/\/schema.org\/CreativeWork\" ><div class='avia_textblock'  itemprop=\"text\" ><h2 style=\"text-align: center;\">Con la colaboraci\u00f3n de la Fundaci\u00f3n Jim\u00e9nez D\u00edaz<\/h2>\n<\/div><\/section><\/div>\n<style type=\"text\/css\" data-created_by=\"avia_inline_auto\" id=\"style-css-av-nherp-5e79322ec3c8d70bc3f9a305c8bc6ec3\">\n.flex_column.av-nherp-5e79322ec3c8d70bc3f9a305c8bc6ec3{\nborder-radius:0px 0px 0px 0px;\npadding:0px 0px 0px 0px;\n}\n<\/style>\n<div  class='flex_column av-nherp-5e79322ec3c8d70bc3f9a305c8bc6ec3 av_one_half  avia-builder-el-42  el_after_av_one_full  el_before_av_one_half  first flex_column_div av-zero-column-padding  column-top-margin'     ><section  class='av_textblock_section av-kd631h20-3-384f3b4efb729b6b532c60d113c4981c '   itemscope=\"itemscope\" itemtype=\"https:\/\/schema.org\/CreativeWork\" ><div class='avia_textblock'  itemprop=\"text\" ><p><img loading=\"lazy\" decoding=\"async\" class=\"size-full wp-image-3512 aligncenter\" src=\"\/wp-content\/uploads\/2020\/07\/LOGOS_IIS_FJD.png\" alt=\"\" width=\"377\" height=\"112\" \/><\/p>\n<\/div><\/section><\/div>\n<style type=\"text\/css\" data-created_by=\"avia_inline_auto\" id=\"style-css-av-4euiv9-4a00cea0bd9658bbe6d8a5394004d489\">\n.flex_column.av-4euiv9-4a00cea0bd9658bbe6d8a5394004d489{\nborder-radius:0px 0px 0px 0px;\npadding:0px 0px 0px 0px;\n}\n<\/style>\n<div  class='flex_column av-4euiv9-4a00cea0bd9658bbe6d8a5394004d489 av_one_half  avia-builder-el-44  el_after_av_one_half  avia-builder-el-last  flex_column_div av-zero-column-padding  column-top-margin'     ><section  class='av_textblock_section av-kd631h20-2-6743da89f5ee1b1ef4e5069d67b8ef9c '   itemscope=\"itemscope\" itemtype=\"https:\/\/schema.org\/CreativeWork\" ><div class='avia_textblock'  itemprop=\"text\" ><p>La matriculaci\u00f3n de este Curso da la opci\u00f3n de realizar el periodo de trabajo bajo supervisi\u00f3n en el <strong style=\"color: #000000;\">Instituto de Investigaci\u00f3n Sanitaria de la Fundaci\u00f3n Jim\u00e9nez D\u00edaz<\/strong>. Para consultar condiciones y precios p\u00f3ngase en contacto con nosotros.<\/p>\n<\/div><\/section><\/div>\n<\/div><\/div><\/div><!-- close content main div --><\/div><\/div><div id='after_section_5'  class='main_color av_default_container_wrap container_wrap fullsize'  ><div class='container av-section-cont-open' ><div class='template-page content  av-content-full alpha units'><div class='post-entry post-entry-type-page post-entry-3471'><div class='entry-content-wrapper clearfix'>\n<section  class='av_textblock_section av-ke954b9n-6b80840b019c5e5c471bb75eadee8d4c '   itemscope=\"itemscope\" itemtype=\"https:\/\/schema.org\/CreativeWork\" ><div class='avia_textblock'  itemprop=\"text\" ><p style=\"text-align: center;\"><a class=\"link-to-contactform matriculate-big avia-button avia-icon_select-yes-left-icon avia-size-small\" href=\"\/producto\/curso-funcion-a\/?add-to-cart=3471\">MATRIC\u00daLATE YA<\/a><\/p>\n<\/div><\/section>\n<\/div><\/div><\/div><!-- close content main div --><\/div><\/div>\n<style type=\"text\/css\" data-created_by=\"avia_inline_auto\" id=\"style-css-av-budwf-5bdda6d337364d19f9e137d23c1a021f\">\n.avia-section.av-budwf-5bdda6d337364d19f9e137d23c1a021f{\nbackground-color:#f2f2f2;\nbackground-image:unset;\n}\n<\/style>\n<div id='av_section_6'  class='avia-section av-budwf-5bdda6d337364d19f9e137d23c1a021f main_color avia-section-default avia-no-border-styling  avia-builder-el-47  el_after_av_textblock  avia-builder-el-last  avia-bg-style-scroll container_wrap fullsize'  ><div class='container av-section-cont-open' ><div class='template-page content  av-content-full alpha units'><div class='post-entry post-entry-type-page post-entry-3471'><div class='entry-content-wrapper clearfix'>\n<section  class='av_textblock_section av-kd631h20-1-c1553912dbb89e02d50e33fd051c578f '   itemscope=\"itemscope\" itemtype=\"https:\/\/schema.org\/CreativeWork\" ><div class='avia_textblock'  itemprop=\"text\" ><h2 style=\"text-align: center;\">\u00bfQuieres m\u00e1s informaci\u00f3n?<\/h2>\n<\/div><\/section>\n<div  class='avia-button-wrap av-2j8bpb-553b2515968b37936cded9dd9e036033-wrap avia_animated_button av-animated-when-visible-95 fade-in avia-button-center  avia-builder-el-49  el_after_av_textblock  avia-builder-el-last '>\n<style type=\"text\/css\" data-created_by=\"avia_inline_auto\" id=\"style-css-av-2j8bpb-553b2515968b37936cded9dd9e036033\">\n#top #wrap_all .avia-button.av-2j8bpb-553b2515968b37936cded9dd9e036033{\nfont-size:20px;\nbackground-color:#ff5900;\nborder-color:#ff5900;\nbox-shadow:none;\ntransition:all 0.4s ease-in-out;\nmargin:20px 20px 20px 20px;\n}\n#top #wrap_all .avia-button.av-2j8bpb-553b2515968b37936cded9dd9e036033:hover{\ncolor:white;\ntransition:all 0.4s ease-in-out;\n}\n#top #wrap_all .avia-button.av-2j8bpb-553b2515968b37936cded9dd9e036033:hover .avia-svg-icon svg:first-child{\nfill:white;\nstroke:white;\n}\n<\/style>\n<a href='\/contacto\/#formulario-contacto-ea'  class='avia-button av-2j8bpb-553b2515968b37936cded9dd9e036033 av-link-btn avia-icon_select-no avia-size-large avia-position-center avia-font-color-theme-color'   aria-label=\"Cont\u00e1ctenos\"><span class='avia_iconbox_title' >Cont\u00e1ctenos<\/span><span class='avia_button_background avia-button avia-color-theme-color-highlight' ><\/span><\/a><\/div>\n\n","protected":false},"excerpt":{"rendered":"<p>Curso online funci\u00f3n A<\/p>\n","protected":false},"featured_media":18,"template":"","meta":{"_links_to":"","_links_to_target":""},"product_brand":[],"product_cat":[92],"product_tag":[],"class_list":{"0":"post-3471","1":"product","2":"type-product","3":"status-publish","4":"has-post-thumbnail","6":"product_cat-ea-products","8":"first","9":"instock","10":"sold-individually","11":"shipping-taxable","12":"purchasable","13":"product-type-simple"},"_links":{"self":[{"href":"https:\/\/ceb.edu.es\/en\/wp-json\/wp\/v2\/product\/3471","targetHints":{"allow":["GET"]}}],"collection":[{"href":"https:\/\/ceb.edu.es\/en\/wp-json\/wp\/v2\/product"}],"about":[{"href":"https:\/\/ceb.edu.es\/en\/wp-json\/wp\/v2\/types\/product"}],"wp:featuredmedia":[{"embeddable":true,"href":"https:\/\/ceb.edu.es\/en\/wp-json\/wp\/v2\/media\/18"}],"wp:attachment":[{"href":"https:\/\/ceb.edu.es\/en\/wp-json\/wp\/v2\/media?parent=3471"}],"wp:term":[{"taxonomy":"product_brand","embeddable":true,"href":"https:\/\/ceb.edu.es\/en\/wp-json\/wp\/v2\/product_brand?post=3471"},{"taxonomy":"product_cat","embeddable":true,"href":"https:\/\/ceb.edu.es\/en\/wp-json\/wp\/v2\/product_cat?post=3471"},{"taxonomy":"product_tag","embeddable":true,"href":"https:\/\/ceb.edu.es\/en\/wp-json\/wp\/v2\/product_tag?post=3471"}],"curies":[{"name":"wp","href":"https:\/\/api.w.org\/{rel}","templated":true}]}}