{"id":4069,"date":"2021-04-14T04:40:30","date_gmt":"2021-04-14T04:40:30","guid":{"rendered":"https:\/\/experimentacionanimal.ceb.edu.es\/?post_type=product&#038;p=4069"},"modified":"2026-03-25T12:42:45","modified_gmt":"2026-03-25T12:42:45","slug":"el-pez-cebra-en-experimentacion-biologia-y-fisiologia-basicas","status":"publish","type":"product","link":"https:\/\/ceb.edu.es\/en\/producto\/el-pez-cebra-en-experimentacion-biologia-y-fisiologia-basicas\/","title":{"rendered":"El pez cebra en experimentaci\u00f3n: biolog\u00eda y fisiolog\u00eda b\u00e1sicas"},"content":{"rendered":"\n<style type=\"text\/css\" data-created_by=\"avia_inline_auto\" id=\"style-css-av-3yhyva-f6787ef8dc4d33d360016fed118ad52a\">\n.flex_column.av-3yhyva-f6787ef8dc4d33d360016fed118ad52a{\nborder-radius:0px 0px 0px 0px;\npadding:0px 0px 0px 0px;\n}\n<\/style>\n<div  class='flex_column av-3yhyva-f6787ef8dc4d33d360016fed118ad52a av_one_full  avia-builder-el-0  el_before_av_textblock  avia-builder-el-first  first flex_column_div av-zero-column-padding  '     ><section  class='av_textblock_section av-35xsza-14feb907c74851f92b7d903e4ae6c0a3 '   itemscope=\"itemscope\" itemtype=\"https:\/\/schema.org\/CreativeWork\" ><div class='avia_textblock'  itemprop=\"text\" ><h3>El pez cebra en experimentaci\u00f3n: biolog\u00eda y fisiolog\u00eda b\u00e1sicas<\/h3>\n<p>Este Curso permitir\u00e1 a las personas interesadas aprender las caracter\u00edsticas biol\u00f3gicas y fisiol\u00f3gicas de uno de los modelos animales m\u00e1s utilizados en investigaci\u00f3n biom\u00e9dica, as\u00ed como reconocer aspectos de su comportamiento y detectar el dolor.<\/p>\n<p>Este curso, con una duraci\u00f3n de 5 horas a realizar en una semana, cumple todos los requisitos legales establecidos en la normativa para el mantenimiento de la capacitaci\u00f3n.<\/p>\n<p>Es v\u00e1lido para todas las funciones, ya que est\u00e1 relacionado con los resultados de aprendizaje de los m\u00f3dulos troncales, puesto que incluye contenidos sobre biolog\u00eda y fisiolog\u00eda b\u00e1sicas y el reconocimiento del dolor, sufrimiento y angustia en los animales de laboratorio.<\/p>\n<p>El importe de inscripci\u00f3n en este curso es de 60 \u20ac.<\/p>\n<p>Si necesita m\u00e1s informaci\u00f3n no dude en ponerse en contacto con nosotros a trav\u00e9s del formulario que encontrar\u00e1 m\u00e1s abajo.<\/p>\n<\/div><\/section><\/div>\n<section  class='av_textblock_section av-kkj0l55n-aaf3185302654c32d438c5fdcc1038ca '   itemscope=\"itemscope\" itemtype=\"https:\/\/schema.org\/CreativeWork\" ><div class='avia_textblock'  itemprop=\"text\" ><p style=\"text-align: center;\"><a class=\"link-to-contactform matriculate-big avia-button avia-icon_select-yes-left-icon avia-size-small\" href=\"\/producto\/el-pez-cebra-en-experimentacion-biologia-y-fisiologia-basicas\/?add-to-cart=4069\">MATRIC\u00daLATE YA<\/a><\/p>\n<\/div><\/section>\n<section  class='av_textblock_section av-36odyt-4a88c4c6d21167e0c24551c1d5e6a477 '   itemscope=\"itemscope\" itemtype=\"https:\/\/schema.org\/CreativeWork\" ><div class='avia_textblock'  itemprop=\"text\" ><p style=\"padding-top: 20px;\">Nuestra metodolog\u00eda le permite <b>matricularse en cualquier momento y distribuir su tiempo de estudio como mejor le convenga<\/b>, ya que los contenidos est\u00e1n accesibles permanentemente durante el periodo de realizaci\u00f3n del Curso, <b>\u00fanicamente necesita estar conectado\/a a nuestra plataforma e-learning y estudiar los contenidos en ella<\/b>.<\/p>\n<\/div><\/section>\n<\/div><\/div><\/div><!-- close content main div --><\/div><\/div><div id='av_section_1'  class='avia-section av-2vcxk6-5dc484497af498f03a325ac557c37b42 main_color avia-section-default avia-no-border-styling  avia-builder-el-4  el_after_av_textblock  avia-builder-el-last  avia-bg-style-scroll container_wrap fullsize'  ><div class='container av-section-cont-open' ><div class='template-page content  av-content-full alpha units'><div class='post-entry post-entry-type-page post-entry-4069'><div class='entry-content-wrapper clearfix'>\n<section  class='av_textblock_section av-kkj0qicq-3b944580bd5d37886280cd329653f084 '   itemscope=\"itemscope\" itemtype=\"https:\/\/schema.org\/CreativeWork\" ><div class='avia_textblock'  itemprop=\"text\" ><h2 style=\"text-align: center;\">\u00bfQuieres m\u00e1s informaci\u00f3n?<\/h2>\n<\/div><\/section>\n<div  class='avia-button-wrap av-av_button-d172aec587af502662f3e89dd71ad16e-wrap avia_animated_button av-animated-when-visible-95 fade-in avia-button-center  avia-builder-el-6  el_after_av_textblock  avia-builder-el-last '>\n<style type=\"text\/css\" data-created_by=\"avia_inline_auto\" id=\"style-css-av-av_button-d172aec587af502662f3e89dd71ad16e\">\n#top #wrap_all .avia-button.av-av_button-d172aec587af502662f3e89dd71ad16e{\nfont-size:20px;\nbackground-color:#ff5900;\nborder-color:#ff5900;\nbox-shadow:none;\ntransition:all 0.4s ease-in-out;\nmargin:20px 20px 20px 20px;\n}\n#top #wrap_all .avia-button.av-av_button-d172aec587af502662f3e89dd71ad16e:hover{\ncolor:white;\ntransition:all 0.4s ease-in-out;\n}\n#top #wrap_all .avia-button.av-av_button-d172aec587af502662f3e89dd71ad16e:hover .avia-svg-icon svg:first-child{\nfill:white;\nstroke:white;\n}\n<\/style>\n<a href='\/contacto\/#formulario-contacto-ea'  class='avia-button av-av_button-d172aec587af502662f3e89dd71ad16e av-link-btn avia-icon_select-no avia-size-large avia-position-center avia-font-color-theme-color'   aria-label=\"Cont\u00e1ctenos\"><span class='avia_iconbox_title' >Cont\u00e1ctenos<\/span><span class='avia_button_background avia-button avia-color-theme-color-highlight' ><\/span><\/a><\/div>\n\n","protected":false},"excerpt":{"rendered":"","protected":false},"featured_media":3826,"template":"","meta":{"_links_to":"","_links_to_target":""},"product_brand":[],"product_cat":[92],"product_tag":[],"class_list":{"0":"post-4069","1":"product","2":"type-product","3":"status-publish","4":"has-post-thumbnail","6":"product_cat-ea-products","8":"first","9":"instock","10":"virtual","11":"sold-individually","12":"purchasable","13":"product-type-simple"},"_links":{"self":[{"href":"https:\/\/ceb.edu.es\/en\/wp-json\/wp\/v2\/product\/4069","targetHints":{"allow":["GET"]}}],"collection":[{"href":"https:\/\/ceb.edu.es\/en\/wp-json\/wp\/v2\/product"}],"about":[{"href":"https:\/\/ceb.edu.es\/en\/wp-json\/wp\/v2\/types\/product"}],"wp:featuredmedia":[{"embeddable":true,"href":"https:\/\/ceb.edu.es\/en\/wp-json\/wp\/v2\/media\/3826"}],"wp:attachment":[{"href":"https:\/\/ceb.edu.es\/en\/wp-json\/wp\/v2\/media?parent=4069"}],"wp:term":[{"taxonomy":"product_brand","embeddable":true,"href":"https:\/\/ceb.edu.es\/en\/wp-json\/wp\/v2\/product_brand?post=4069"},{"taxonomy":"product_cat","embeddable":true,"href":"https:\/\/ceb.edu.es\/en\/wp-json\/wp\/v2\/product_cat?post=4069"},{"taxonomy":"product_tag","embeddable":true,"href":"https:\/\/ceb.edu.es\/en\/wp-json\/wp\/v2\/product_tag?post=4069"}],"curies":[{"name":"wp","href":"https:\/\/api.w.org\/{rel}","templated":true}]}}