{"id":5521,"date":"2022-03-16T01:20:39","date_gmt":"2022-03-16T01:20:39","guid":{"rendered":"https:\/\/experimentacionanimal.ceb.edu.es\/?post_type=product&#038;p=5521"},"modified":"2026-03-25T12:34:10","modified_gmt":"2026-03-25T12:34:10","slug":"pack-renovacion-funciones-abc-y-antiguas-categoria-b-y-ab","status":"publish","type":"product","link":"https:\/\/ceb.edu.es\/en\/producto\/pack-renovacion-funciones-abc-y-antiguas-categoria-b-y-ab\/","title":{"rendered":"Pack renovaci\u00f3n Funciones A+B+C"},"content":{"rendered":"\n<style type=\"text\/css\" data-created_by=\"avia_inline_auto\" id=\"style-css-av-6zc9a9-2e6ef86b53548a03ce77286ada4a3ae0\">\n.flex_column.av-6zc9a9-2e6ef86b53548a03ce77286ada4a3ae0{\nborder-radius:0px 0px 0px 0px;\npadding:0px 0px 0px 0px;\n}\n<\/style>\n<div  class='flex_column av-6zc9a9-2e6ef86b53548a03ce77286ada4a3ae0 av_one_full  avia-builder-el-0  el_before_av_section  avia-builder-el-no-sibling  first flex_column_div av-zero-column-padding  '     ><section  class='av_textblock_section av-l0suy7ln-d4d3037c14c987026c71704c5da04495 '   itemscope=\"itemscope\" itemtype=\"https:\/\/schema.org\/CreativeWork\" ><div class='avia_textblock'  itemprop=\"text\" ><h3>Pack renovaci\u00f3n Funciones A+B+C<\/h3>\n<p>Este pack de cursos, con una carga lectiva de <b>45 horas<\/b>, le permitir\u00e1 realizar todas las horas de formaci\u00f3n continuada requeridas para renovar la capacitaci\u00f3n en estas Funciones.<br \/>\nLa matriculaci\u00f3n en este pack le permitir\u00e1 ahorrar tiempo, ya que se matricula autom\u00e1ticamente en todos los cursos necesarios para renovar la capacitaci\u00f3n. Tambi\u00e9n le permitir\u00e1 ahorrar dinero, puesto que la inscripci\u00f3n en este pack supone un ahorro de hasta 30 \u20ac, en comparaci\u00f3n con la suma de los precios de cada curso por separado.<br \/>\nPuede matricularse en las siguientes modalidades del pack de las Funciones A+B+C*:<\/p>\n<\/div><\/section><br \/>\n<div  class='togglecontainer av-l0sv50nd-ba67fe76246088c4168ea60c5d95ec0d  avia-builder-el-2  el_after_av_textblock  el_before_av_textblock  toggle_close_all' >\n<section class='av_toggle_section av-l0sv0cej-43cc38df1bbfce2f4f12caa5acc63929'  itemscope=\"itemscope\" itemtype=\"https:\/\/schema.org\/CreativeWork\" ><div role=\"tablist\" class=\"single_toggle\" data-tags=\"{All} \"  ><p id='toggle-toggle-id-1' data-fake-id='#toggle-id-1' class='toggler  av-title-above '  itemprop=\"headline\"  role='tab' tabindex='0' aria-controls='toggle-id-1' data-slide-speed=\"200\" data-title=\"PACK ABC.1: Sin determinaci\u00f3n de especie\" data-title-open=\"\" data-aria_collapsed=\"Click to expand: PACK ABC.1: Sin determinaci\u00f3n de especie\" data-aria_expanded=\"Click to collapse: PACK ABC.1: Sin determinaci\u00f3n de especie\">PACK ABC.1: Sin determinaci\u00f3n de especie<span class=\"toggle_icon\"><span class=\"vert_icon\"><\/span><span class=\"hor_icon\"><\/span><\/span><\/p><div id='toggle-id-1' aria-labelledby='toggle-toggle-id-1' role='region' class='toggle_wrap  av-title-above'  ><div class='toggle_content invers-color '  itemprop=\"text\" ><ul>\n<li>El papel de los animales de laboratorio en la producci\u00f3n de la vacuna de la COVID-19<\/li>\n<li>Animales de laboratorio y COVID-19: uso de modelos animales y m\u00e9todos alternativos en experimentaci\u00f3n<\/li>\n<li>Herramientas de reconocimiento del dolor, el sufrimiento y la angustia<\/li>\n<li>Evaluaci\u00f3n del dolor, sufrimiento y angustia: puntos finales humanitarios<\/li>\n<li>Responsabilidad del personal en la implantaci\u00f3n de una cultura del cuidado<\/li>\n<li>Ahondando en los conceptos de bienestar de los animales y las 3R<\/li>\n<\/ul>\n<p style=\"text-align: center; padding-top: 30px;\"><a class=\"link-to-contactform matriculate-big avia-button avia-icon_select-yes-left-icon avia-size-small\" href=\"\/producto\/transparencia-y-herramientas-de-reduccion-en-el-uso-de-animales\/?add-to-cart=5522\">MATRIC\u00daLATE YA<\/a><\/p>\n<\/div><\/div><\/div><\/section>\n<section class='av_toggle_section av-l0sv227h-5f6790cafc50de4b155fd28febc6c088'  itemscope=\"itemscope\" itemtype=\"https:\/\/schema.org\/CreativeWork\" ><div role=\"tablist\" class=\"single_toggle\" data-tags=\"{All} \"  ><p id='toggle-toggle-id-2' data-fake-id='#toggle-id-2' class='toggler  av-title-above '  itemprop=\"headline\"  role='tab' tabindex='0' aria-controls='toggle-id-2' data-slide-speed=\"200\" data-title=\"PACK ABC.2: Roedores, lagomorfos y carn\u00edvoros\" data-title-open=\"\" data-aria_collapsed=\"Click to expand: PACK ABC.2: Roedores, lagomorfos y carn\u00edvoros\" data-aria_expanded=\"Click to collapse: PACK ABC.2: Roedores, lagomorfos y carn\u00edvoros\">PACK ABC.2: Roedores, lagomorfos y carn\u00edvoros<span class=\"toggle_icon\"><span class=\"vert_icon\"><\/span><span class=\"hor_icon\"><\/span><\/span><\/p><div id='toggle-id-2' aria-labelledby='toggle-toggle-id-2' role='region' class='toggle_wrap  av-title-above'  ><div class='toggle_content invers-color '  itemprop=\"text\" ><ul>\n<li>El papel de los animales de laboratorio en la producci\u00f3n de la vacuna de la COVID-19<\/li>\n<li>Uso de ratones en experimentaci\u00f3n<\/li>\n<li>Herramientas de reconocimiento del dolor, el sufrimiento y la angustia<\/li>\n<li>Evaluaci\u00f3n del dolor, sufrimiento y angustia: puntos finales humanitarios<\/li>\n<li>Responsabilidad del personal en la implementaci\u00f3n de una cultura del cuidado<\/li>\n<li>Ahondando en los conceptos de bienestar de los animales y las 3R<\/li>\n<\/ul>\n<p style=\"text-align: center;\"><a class=\"link-to-contactform matriculate-big avia-button avia-icon_select-yes-left-icon avia-size-small\" href=\"\/producto\/transparencia-y-herramientas-de-reduccion-en-el-uso-de-animales\/?add-to-cart=5523\">MATRIC\u00daLATE YA<\/a><\/p>\n<\/div><\/div><\/div><\/section>\n<section class='av_toggle_section av-l0sv2wnq-8c74ee029e276259bc457d0ac6ec802f'  itemscope=\"itemscope\" itemtype=\"https:\/\/schema.org\/CreativeWork\" ><div role=\"tablist\" class=\"single_toggle\" data-tags=\"{All} \"  ><p id='toggle-toggle-id-3' data-fake-id='#toggle-id-3' class='toggler  av-title-above '  itemprop=\"headline\"  role='tab' tabindex='0' aria-controls='toggle-id-3' data-slide-speed=\"200\" data-title=\"PACK ABC.3: Primates no humanos\" data-title-open=\"\" data-aria_collapsed=\"Click to expand: PACK ABC.3: Primates no humanos\" data-aria_expanded=\"Click to collapse: PACK ABC.3: Primates no humanos\">PACK ABC.3: Primates no humanos<span class=\"toggle_icon\"><span class=\"vert_icon\"><\/span><span class=\"hor_icon\"><\/span><\/span><\/p><div id='toggle-id-3' aria-labelledby='toggle-toggle-id-3' role='region' class='toggle_wrap  av-title-above'  ><div class='toggle_content invers-color '  itemprop=\"text\" ><ul>\n<li>El papel de los animales de laboratorio en la producci\u00f3n de la vacuna de la COVID-19<\/li>\n<li>Los primates no humanos en la investigaci\u00f3n de la COVID 19<\/li>\n<li>Herramientas de reconocimiento del dolor, el sufrimiento y la angustia<\/li>\n<li>Evaluaci\u00f3n del dolor, sufrimiento y angustia: puntos finales humanitarios<\/li>\n<li>Responsabilidad del personal en la implementaci\u00f3n de una cultura del cuidado<\/li>\n<li>Ahondando en los conceptos de bienestar de los animales y las 3R<\/li>\n<\/ul>\n<p style=\"text-align: center; padding-top: 30px;\"><a class=\"link-to-contactform matriculate-big avia-button avia-icon_select-yes-left-icon avia-size-small\" href=\"\/producto\/transparencia-y-herramientas-de-reduccion-en-el-uso-de-animales\/?add-to-cart=5524\">MATRIC\u00daLATE YA<\/a><\/p>\n<\/div><\/div><\/div><\/section>\n<section class='av_toggle_section av-l0sv3kjw-1821b4b2228fe0f285459c1238bca8cf'  itemscope=\"itemscope\" itemtype=\"https:\/\/schema.org\/CreativeWork\" ><div role=\"tablist\" class=\"single_toggle\" data-tags=\"{All} \"  ><p id='toggle-toggle-id-4' data-fake-id='#toggle-id-4' class='toggler  av-title-above '  itemprop=\"headline\"  role='tab' tabindex='0' aria-controls='toggle-id-4' data-slide-speed=\"200\" data-title=\"PACK ABC.4: Peces y anfibios\" data-title-open=\"\" data-aria_collapsed=\"Click to expand: PACK ABC.4: Peces y anfibios\" data-aria_expanded=\"Click to collapse: PACK ABC.4: Peces y anfibios\">PACK ABC.4: Peces y anfibios<span class=\"toggle_icon\"><span class=\"vert_icon\"><\/span><span class=\"hor_icon\"><\/span><\/span><\/p><div id='toggle-id-4' aria-labelledby='toggle-toggle-id-4' role='region' class='toggle_wrap  av-title-above'  ><div class='toggle_content invers-color '  itemprop=\"text\" ><ul>\n<li>El papel de los animales de laboratorio en la producci\u00f3n de la vacuna de la COVID-19<\/li>\n<li>El pez cebra en experimentaci\u00f3n: cuidados, alimentaci\u00f3n, alojamiento<\/li>\n<li>El pez cebra en experimentaci\u00f3n: biolog\u00eda y fisiolog\u00eda b\u00e1sicas<\/li>\n<li>Procedimientos experimentales en peces<\/li>\n<li>Responsabilidad del personal en la implementaci\u00f3n de una cultura del cuidado<\/li>\n<li>Ahondando en los conceptos de bienestar de los animales y las 3R<\/li>\n<\/ul>\n<p style=\"text-align: center; padding-top: 30px;\"><a class=\"link-to-contactform matriculate-big avia-button avia-icon_select-yes-left-icon avia-size-small\" href=\"\/producto\/transparencia-y-herramientas-de-reduccion-en-el-uso-de-animales\/?add-to-cart=5525\">MATRIC\u00daLATE YA<\/a><\/p>\n<\/div><\/div><\/div><\/section>\n<section class='av_toggle_section av-l0sv4p3l-cc9759f111f9896f935547839de29ea1'  itemscope=\"itemscope\" itemtype=\"https:\/\/schema.org\/CreativeWork\" ><div role=\"tablist\" class=\"single_toggle\" data-tags=\"{All} \"  ><p id='toggle-toggle-id-5' data-fake-id='#toggle-id-5' class='toggler  av-title-above '  itemprop=\"headline\"  role='tab' tabindex='0' aria-controls='toggle-id-5' data-slide-speed=\"200\" data-title=\"PACK ABC.5: \u00c9quidos, rumiantes y porcino\" data-title-open=\"\" data-aria_collapsed=\"Click to expand: PACK ABC.5: \u00c9quidos, rumiantes y porcino\" data-aria_expanded=\"Click to collapse: PACK ABC.5: \u00c9quidos, rumiantes y porcino\">PACK ABC.5: \u00c9quidos, rumiantes y porcino<span class=\"toggle_icon\"><span class=\"vert_icon\"><\/span><span class=\"hor_icon\"><\/span><\/span><\/p><div id='toggle-id-5' aria-labelledby='toggle-toggle-id-5' role='region' class='toggle_wrap  av-title-above'  ><div class='toggle_content invers-color '  itemprop=\"text\" ><ul>\n<li>El papel de los animales de laboratorio en la producci\u00f3n de la vacuna de la COVID-19<\/li>\n<li>Herramientas de reconocimiento del dolor, el sufrimiento y la angustia<\/li>\n<li>Evaluaci\u00f3n del dolor, sufrimiento y angustia: puntos finales humanitarios<\/li>\n<li>Responsabilidad del personal en la implementaci\u00f3n de una cultura del cuidado<\/li>\n<li>Enriquecimiento ambiental en especies agropecuarias<\/li>\n<li>Ahondando en los conceptos de bienestar de los animales y las 3R<\/li>\n<\/ul>\n<p style=\"text-align: center; padding-top: 30px;\"><a class=\"link-to-contactform matriculate-big avia-button avia-icon_select-yes-left-icon avia-size-small\" href=\"\/producto\/transparencia-y-herramientas-de-reduccion-en-el-uso-de-animales\/?add-to-cart=5526\">MATRIC\u00daLATE YA<\/a><\/p>\n<\/div><\/div><\/div><\/section>\n<\/div><br \/>\n<section  class='av_textblock_section av-26c4bl-33d2aa71936a304b35725c522c8c9759 '   itemscope=\"itemscope\" itemtype=\"https:\/\/schema.org\/CreativeWork\" ><div class='avia_textblock'  itemprop=\"text\" ><div style=\"padding-top: 15px;\">* La Autoridad Competente renovar\u00e1 su capacitaci\u00f3n inicial, exclusivamente para las funciones y especies que figuren en la misma. Ello implica que el alumno puede elegir de acuerdo con sus preferencias la realizaci\u00f3n de una u otra modalidad de pack pero <b>en ning\u00fan caso\u00a0variar\u00e1<\/b>\u00a0la especie o grupo de especies para la que se renovar\u00e1 su capacitaci\u00f3n, que siempre ser\u00e1n las que figuran en su capacitaci\u00f3n inicial.<\/div>\n<div><\/div>\n<p>Nuestra metodolog\u00eda le permite <b>matricularse en cualquier momento y distribuir su tiempo de estudio como mejor le convenga<\/b>, ya que los contenidos est\u00e1n accesibles permanentemente durante el periodo de realizaci\u00f3n del Curso, <b>\u00fanicamente necesita estar conectado\/a a nuestra plataforma e-learning y estudiar los contenidos en ella<\/b>.<\/p>\n<\/div><\/section><\/p><\/div>\n<\/div><\/div><\/div><!-- close content main div --><\/div><\/div><div id='av_section_1'  class='avia-section av-6k226p-8fb87c3d0a30c40bf3d5734343490e9f main_color avia-section-default avia-no-border-styling  avia-builder-el-4  el_after_av_one_full  avia-builder-el-last  avia-bg-style-scroll container_wrap fullsize'  ><div class='container av-section-cont-open' ><div class='template-page content  av-content-full alpha units'><div class='post-entry post-entry-type-page post-entry-5521'><div class='entry-content-wrapper clearfix'>\n<section  class='av_textblock_section av-4fokpd-ba2d4b6ce789852b39661c955256c439 '   itemscope=\"itemscope\" itemtype=\"https:\/\/schema.org\/CreativeWork\" ><div class='avia_textblock'  itemprop=\"text\" ><h2 style=\"text-align: center;\">\u00bfQuieres m\u00e1s informaci\u00f3n?<\/h2>\n<\/div><\/section>\n<div  class='avia-button-wrap av-av_button-d172aec587af502662f3e89dd71ad16e-wrap avia_animated_button av-animated-when-visible-95 fade-in avia-button-center  avia-builder-el-6  el_after_av_textblock  avia-builder-el-last '>\n<style type=\"text\/css\" data-created_by=\"avia_inline_auto\" id=\"style-css-av-av_button-d172aec587af502662f3e89dd71ad16e\">\n#top #wrap_all .avia-button.av-av_button-d172aec587af502662f3e89dd71ad16e{\nfont-size:20px;\nbackground-color:#ff5900;\nborder-color:#ff5900;\nbox-shadow:none;\ntransition:all 0.4s ease-in-out;\nmargin:20px 20px 20px 20px;\n}\n#top #wrap_all .avia-button.av-av_button-d172aec587af502662f3e89dd71ad16e:hover{\ncolor:white;\ntransition:all 0.4s ease-in-out;\n}\n#top #wrap_all .avia-button.av-av_button-d172aec587af502662f3e89dd71ad16e:hover .avia-svg-icon svg:first-child{\nfill:white;\nstroke:white;\n}\n<\/style>\n<a href='\/contacto\/#formulario-contacto-ea'  class='avia-button av-av_button-d172aec587af502662f3e89dd71ad16e av-link-btn avia-icon_select-no avia-size-large avia-position-center avia-font-color-theme-color'   aria-label=\"Cont\u00e1ctenos\"><span class='avia_iconbox_title' >Cont\u00e1ctenos<\/span><span class='avia_button_background avia-button avia-color-theme-color-highlight' ><\/span><\/a><\/div>\n\n","protected":false},"excerpt":{"rendered":"","protected":false},"featured_media":3826,"template":"","meta":{"_links_to":"","_links_to_target":""},"product_brand":[],"product_cat":[92],"product_tag":[],"class_list":{"0":"post-5521","1":"product","2":"type-product","3":"status-publish","4":"has-post-thumbnail","6":"product_cat-ea-products","8":"first","9":"instock","10":"sold-individually","11":"shipping-taxable","12":"purchasable","13":"product-type-variable"},"_links":{"self":[{"href":"https:\/\/ceb.edu.es\/en\/wp-json\/wp\/v2\/product\/5521","targetHints":{"allow":["GET"]}}],"collection":[{"href":"https:\/\/ceb.edu.es\/en\/wp-json\/wp\/v2\/product"}],"about":[{"href":"https:\/\/ceb.edu.es\/en\/wp-json\/wp\/v2\/types\/product"}],"wp:featuredmedia":[{"embeddable":true,"href":"https:\/\/ceb.edu.es\/en\/wp-json\/wp\/v2\/media\/3826"}],"wp:attachment":[{"href":"https:\/\/ceb.edu.es\/en\/wp-json\/wp\/v2\/media?parent=5521"}],"wp:term":[{"taxonomy":"product_brand","embeddable":true,"href":"https:\/\/ceb.edu.es\/en\/wp-json\/wp\/v2\/product_brand?post=5521"},{"taxonomy":"product_cat","embeddable":true,"href":"https:\/\/ceb.edu.es\/en\/wp-json\/wp\/v2\/product_cat?post=5521"},{"taxonomy":"product_tag","embeddable":true,"href":"https:\/\/ceb.edu.es\/en\/wp-json\/wp\/v2\/product_tag?post=5521"}],"curies":[{"name":"wp","href":"https:\/\/api.w.org\/{rel}","templated":true}]}}