{"id":5569,"date":"2022-03-18T00:21:39","date_gmt":"2022-03-18T00:21:39","guid":{"rendered":"https:\/\/experimentacionanimal.ceb.edu.es\/?post_type=product&#038;p=5569"},"modified":"2026-04-06T23:30:21","modified_gmt":"2026-04-06T23:30:21","slug":"pack-renovacion-funcion-f-y-antigua-categoria-d2","status":"publish","type":"product","link":"https:\/\/ceb.edu.es\/en\/producto\/pack-renovacion-funcion-f-y-antigua-categoria-d2\/","title":{"rendered":"Pack renovaci\u00f3n Funci\u00f3n F"},"content":{"rendered":"\n<style type=\"text\/css\" data-created_by=\"avia_inline_auto\" id=\"style-css-av-6zc9a9-2e6ef86b53548a03ce77286ada4a3ae0\">\n.flex_column.av-6zc9a9-2e6ef86b53548a03ce77286ada4a3ae0{\nborder-radius:0px 0px 0px 0px;\npadding:0px 0px 0px 0px;\n}\n<\/style>\n<div  class='flex_column av-6zc9a9-2e6ef86b53548a03ce77286ada4a3ae0 av_one_full  avia-builder-el-0  el_before_av_section  avia-builder-el-no-sibling  first flex_column_div av-zero-column-padding  '     ><section  class='av_textblock_section av-l0suy7ln-d4d3037c14c987026c71704c5da04495 '   itemscope=\"itemscope\" itemtype=\"https:\/\/schema.org\/CreativeWork\" ><div class='avia_textblock'  itemprop=\"text\" ><h3>Pack renovaci\u00f3n Funci\u00f3n F<\/h3>\n<p>Este pack de cursos, con una carga lectiva de <b>90 horas<\/b>, le permitir\u00e1 realizar todas las horas de formaci\u00f3n continuada requeridas para renovar la capacitaci\u00f3n en esta Funci\u00f3n.<br \/>\nLa matriculaci\u00f3n en este pack le permitir\u00e1 ahorrar tiempo, ya que se matricula autom\u00e1ticamente en todos los cursos necesarios para renovar la capacitaci\u00f3n. Tambi\u00e9n le permitir\u00e1 ahorrar dinero, puesto que la inscripci\u00f3n en este pack supone un ahorro de hasta 200 \u20ac, en comparaci\u00f3n con la suma de los precios de cada curso por separado.<br \/>\nPuede matricularse en las siguientes modalidades del pack de la Funci\u00f3n F:<\/p>\n<\/div><\/section><br \/>\n<div  class='togglecontainer av-l0sv50nd-9bb0696890c0d7d9c5647a69303b6086  avia-builder-el-2  el_after_av_textblock  el_before_av_textblock  toggle_close_all' >\n<section class='av_toggle_section av-l0sv0cej-0244215b34471b69a42e5dd591e715ed'  itemscope=\"itemscope\" itemtype=\"https:\/\/schema.org\/CreativeWork\" ><div role=\"tablist\" class=\"single_toggle\" data-tags=\"{All} \"  ><p id='toggle-toggle-id-1' data-fake-id='#toggle-id-1' class='toggler  activeTitle av-title-above '  itemprop=\"headline\"  role='tab' tabindex='0' aria-controls='toggle-id-1' data-slide-speed=\"200\" data-title=\"PACK AF.1: Sin determinaci\u00f3n de especie:\" data-title-open=\"\" data-aria_collapsed=\"Click to expand: PACK AF.1: Sin determinaci\u00f3n de especie:\" data-aria_expanded=\"Click to collapse: PACK AF.1: Sin determinaci\u00f3n de especie:\">PACK AF.1: Sin determinaci\u00f3n de especie:<span class=\"toggle_icon\"><span class=\"vert_icon\"><\/span><span class=\"hor_icon\"><\/span><\/span><\/p><div id='toggle-id-1' aria-labelledby='toggle-toggle-id-1' role='region' class='toggle_wrap  active_tc av-title-above' style='display:block;' ><div class='toggle_content invers-color '  itemprop=\"text\" ><ul>\n<li>El papel de los animales de laboratorio en la producci\u00f3n de la vacuna de la COVID-19<\/li>\n<li>Los primates no humanos en la investigaci\u00f3n de la covid 19<\/li>\n<li>Uso de ratones en experimentaci\u00f3n<\/li>\n<li>Herramientas de reconocimiento del dolor, el sufrimiento y la angustia<\/li>\n<li>Evaluaci\u00f3n del dolor, sufrimiento y angustia: puntos finales humanitarios<\/li>\n<li>El pez cebra en experimentaci\u00f3n: cuidados; alimentaci\u00f3n; alojamiento<\/li>\n<li>El pez cebra en experimentaci\u00f3n: biolog\u00eda y fisiolog\u00eda b\u00e1sicas<\/li>\n<li>Procedimientos experimentales en peces<\/li>\n<li>Preparaci\u00f3n de res\u00famenes no t\u00e9cnicos<\/li>\n<li>Responsabilidad del personal en la implantaci\u00f3n de una cultura del cuidado<\/li>\n<li>El principio de la Reducci\u00f3n en los experimentos con animales<\/li>\n<li>Transparencia y herramientas de reducci\u00f3n en el uso de animales<\/li>\n<li>Enriquecimiento ambiental en especies agropecuarias<\/li>\n<\/ul>\n<p style=\"text-align: center;\"><a class=\"link-to-contactform matriculate-big avia-button avia-icon_select-yes-left-icon avia-size-small\" href=\"\/producto\/transparencia-y-herramientas-de-reduccion-en-el-uso-de-animales\/?add-to-cart=5569\">MATRIC\u00daLATE YA<\/a><\/p>\n<\/div><\/div><\/div><\/section>\n<\/div><br \/>\n<section  class='av_textblock_section av-2tbgb5-a4c5391a5dbd40fad31f76b93bbabbaa '   itemscope=\"itemscope\" itemtype=\"https:\/\/schema.org\/CreativeWork\" ><div class='avia_textblock'  itemprop=\"text\" ><p style=\"padding-top: 20px;\">Nuestra metodolog\u00eda le permite <b>matricularse en cualquier momento y distribuir su tiempo de estudio como mejor le convenga<\/b>, ya que los contenidos est\u00e1n accesibles permanentemente durante el periodo de realizaci\u00f3n del Curso, <b>\u00fanicamente necesita estar conectado\/a a nuestra plataforma e-learning y estudiar los contenidos en ella<\/b>.<\/p>\n<\/div><\/section><\/p><\/div><\/div><\/div><\/div><!-- close content main div --><\/div><\/div><div id='av_section_1'  class='avia-section av-6k226p-8fb87c3d0a30c40bf3d5734343490e9f main_color avia-section-default avia-no-border-styling  avia-builder-el-4  el_after_av_one_full  avia-builder-el-last  avia-bg-style-scroll container_wrap fullsize'  ><div class='container av-section-cont-open' ><div class='template-page content  av-content-full alpha units'><div class='post-entry post-entry-type-page post-entry-5569'><div class='entry-content-wrapper clearfix'>\n<section  class='av_textblock_section av-4fokpd-ba2d4b6ce789852b39661c955256c439 '   itemscope=\"itemscope\" itemtype=\"https:\/\/schema.org\/CreativeWork\" ><div class='avia_textblock'  itemprop=\"text\" ><h2 style=\"text-align: center;\">\u00bfQuieres m\u00e1s informaci\u00f3n?<\/h2>\n<\/div><\/section>\n<div  class='avia-button-wrap av-7y1i9-15338832a7eaf15f08f79bbf2c863497-wrap avia_animated_button av-animated-when-visible-95 fade-in avia-button-center  avia-builder-el-6  el_after_av_textblock  avia-builder-el-last '>\n<style type=\"text\/css\" data-created_by=\"avia_inline_auto\" id=\"style-css-av-7y1i9-15338832a7eaf15f08f79bbf2c863497\">\n#top #wrap_all .avia-button.av-7y1i9-15338832a7eaf15f08f79bbf2c863497{\nfont-size:20px;\nbackground-color:#ff5900;\nborder-color:#ff5900;\nbox-shadow:none;\ntransition:all 0.4s ease-in-out;\nmargin:20px 20px 20px 20px;\n}\n#top #wrap_all .avia-button.av-7y1i9-15338832a7eaf15f08f79bbf2c863497:hover{\ncolor:white;\ntransition:all 0.4s ease-in-out;\n}\n#top #wrap_all .avia-button.av-7y1i9-15338832a7eaf15f08f79bbf2c863497:hover .avia-svg-icon svg:first-child{\nfill:white;\nstroke:white;\n}\n<\/style>\n<a href='\/contacto\/#formulario-contacto-ea'  class='avia-button av-7y1i9-15338832a7eaf15f08f79bbf2c863497 av-link-btn avia-icon_select-no avia-size-large avia-position-center avia-font-color-theme-color'   aria-label=\"Cont\u00e1ctenos\"><span class='avia_iconbox_title' >Cont\u00e1ctenos<\/span><span class='avia_button_background avia-button avia-color-theme-color-highlight' ><\/span><\/a><\/div>\n<\/p>\n","protected":false},"excerpt":{"rendered":"","protected":false},"featured_media":3826,"template":"","meta":{"_links_to":"","_links_to_target":""},"product_brand":[],"product_cat":[92],"product_tag":[],"class_list":{"0":"post-5569","1":"product","2":"type-product","3":"status-publish","4":"has-post-thumbnail","6":"product_cat-ea-products","8":"first","9":"instock","10":"virtual","11":"sold-individually","12":"purchasable","13":"product-type-simple"},"_links":{"self":[{"href":"https:\/\/ceb.edu.es\/en\/wp-json\/wp\/v2\/product\/5569","targetHints":{"allow":["GET"]}}],"collection":[{"href":"https:\/\/ceb.edu.es\/en\/wp-json\/wp\/v2\/product"}],"about":[{"href":"https:\/\/ceb.edu.es\/en\/wp-json\/wp\/v2\/types\/product"}],"wp:featuredmedia":[{"embeddable":true,"href":"https:\/\/ceb.edu.es\/en\/wp-json\/wp\/v2\/media\/3826"}],"wp:attachment":[{"href":"https:\/\/ceb.edu.es\/en\/wp-json\/wp\/v2\/media?parent=5569"}],"wp:term":[{"taxonomy":"product_brand","embeddable":true,"href":"https:\/\/ceb.edu.es\/en\/wp-json\/wp\/v2\/product_brand?post=5569"},{"taxonomy":"product_cat","embeddable":true,"href":"https:\/\/ceb.edu.es\/en\/wp-json\/wp\/v2\/product_cat?post=5569"},{"taxonomy":"product_tag","embeddable":true,"href":"https:\/\/ceb.edu.es\/en\/wp-json\/wp\/v2\/product_tag?post=5569"}],"curies":[{"name":"wp","href":"https:\/\/api.w.org\/{rel}","templated":true}]}}